{"id":983,"date":"2022-07-16T20:44:50","date_gmt":"2022-07-16T17:44:50","guid":{"rendered":"https:\/\/gamzetarim.com\/?page_id=983"},"modified":"2022-08-09T11:48:16","modified_gmt":"2022-08-09T08:48:16","slug":"kuresel-isinmanin-farkindayiz","status":"publish","type":"page","link":"https:\/\/gamzetarim.com\/en\/kuresel-isinmanin-farkindayiz\/","title":{"rendered":"High Awareness of Global Warming"},"content":{"rendered":"<style id=\"kb-rowlayout_8ad906-d3\">#kt-layout-id_8ad906-d3 > .kt-row-column-wrap{padding-top:0px;padding-bottom:0px;}<\/style>\n<div class=\"wp-block-kadence-rowlayout alignnone\"><div id=\"kt-layout-id_8ad906-d3\" class=\"kt-row-layout-inner kt-layout-id_8ad906-d3\"><div class=\"kt-row-column-wrap kt-has-1-columns kt-gutter-default kt-v-gutter-default kt-row-valign-top kt-row-layout-equal kt-tab-layout-inherit kt-m-colapse-left-to-right kt-mobile-layout-row\">\n<div class=\"wp-block-kadence-column inner-column-1 kadence-column_df4bd0-d1\"><div class=\"kt-inside-inner-col\">\n<div class=\"wp-block-cover alignwide is-position-center-center\" style=\"min-height:70vh\"><span aria-hidden=\"true\" class=\"wp-block-cover__background has-background-dim-70 has-background-dim\" style=\"background-color:#171717\"><\/span><img loading=\"lazy\" width=\"1920\" height=\"1080\" class=\"wp-block-cover__image-background wp-image-868\" alt=\"\" src=\"https:\/\/gamzetarim.com\/wp-content\/uploads\/2022\/07\/First-Pic.webp\" data-object-fit=\"cover\" srcset=\"https:\/\/gamzetarim.com\/wp-content\/uploads\/2022\/07\/First-Pic.webp 1920w, https:\/\/gamzetarim.com\/wp-content\/uploads\/2022\/07\/First-Pic-300x169.webp 300w, https:\/\/gamzetarim.com\/wp-content\/uploads\/2022\/07\/First-Pic-1024x576.webp 1024w, https:\/\/gamzetarim.com\/wp-content\/uploads\/2022\/07\/First-Pic-768x432.webp 768w, https:\/\/gamzetarim.com\/wp-content\/uploads\/2022\/07\/First-Pic-1536x864.webp 1536w\" sizes=\"(max-width: 1920px) 100vw, 1920px\" \/><div class=\"wp-block-cover__inner-container\"><style id=\"kb-advancedheading_9737f5-6c\">#kt-adv-heading_9737f5-6c, #kt-adv-heading_9737f5-6c .wp-block-kadence-advancedheading, .wp-block-kadence-advancedheading.kt-adv-heading_9737f5-6c[data-kb-block=\"kb-adv-heading_9737f5-6c\"], .kadence-advanced-heading-wrapper .kt-adv-heading_9737f5-6c[data-kb-block=\"kb-adv-heading_9737f5-6c\"]{text-align:center;font-size:64px;}@media all and (max-width: 767px){#kt-adv-heading_9737f5-6c, #kt-adv-heading_9737f5-6c .wp-block-kadence-advancedheading, .wp-block-kadence-advancedheading.kt-adv-heading_9737f5-6c[data-kb-block=\"kb-adv-heading_9737f5-6c\"], .kadence-advanced-heading-wrapper .kt-adv-heading_9737f5-6c[data-kb-block=\"kb-adv-heading_9737f5-6c\"]{font-size:42px;}}<\/style>\n<h2 class=\"kt-adv-heading_9737f5-6c o-typing-slower wp-block-kadence-advancedheading\" data-kb-block=\"kb-adv-heading_9737f5-6c\">Global Warming<\/h2>\n\n\n<style id=\"kb-advancedheading_86262f-7a\">#kt-adv-heading_86262f-7a, #kt-adv-heading_86262f-7a .wp-block-kadence-advancedheading, .wp-block-kadence-advancedheading.kt-adv-heading_86262f-7a[data-kb-block=\"kb-adv-heading_86262f-7a\"], .kadence-advanced-heading-wrapper .kt-adv-heading_86262f-7a[data-kb-block=\"kb-adv-heading_86262f-7a\"]{text-align:center;font-size:36px;}@media all and (max-width: 767px){#kt-adv-heading_86262f-7a, #kt-adv-heading_86262f-7a .wp-block-kadence-advancedheading, .wp-block-kadence-advancedheading.kt-adv-heading_86262f-7a[data-kb-block=\"kb-adv-heading_86262f-7a\"], .kadence-advanced-heading-wrapper .kt-adv-heading_86262f-7a[data-kb-block=\"kb-adv-heading_86262f-7a\"]{font-size:18px;}}<\/style>\n<p class=\"kt-adv-heading_86262f-7a wp-block-kadence-advancedheading has-theme-palette-9-color has-text-color\" data-kb-block=\"kb-adv-heading_86262f-7a\">We Are Aware of Global Warming and Increasing Our Measures Every Day<\/p>\n<\/div><\/div>\n<\/div><\/div>\n<\/div><\/div><\/div>\n\n\n<style id=\"kb-rowlayout_dbb268-f0\">#kt-layout-id_dbb268-f0 > .kt-row-column-wrap{max-width:60vw;margin-left:auto;margin-right:auto;}@media all and (max-width: 1024px){#kt-layout-id_dbb268-f0 > .kt-row-column-wrap{max-width:80vw;margin-left:auto;margin-right:auto;}}@media all and (max-width: 767px){#kt-layout-id_dbb268-f0 > .kt-row-column-wrap{max-width:90vw;margin-left:auto;margin-right:auto;}}<\/style>\n<div class=\"wp-block-kadence-rowlayout alignnone\"><div id=\"kt-layout-id_dbb268-f0\" class=\"kt-row-layout-inner kt-layout-id_dbb268-f0\"><div class=\"kt-row-column-wrap kt-has-1-columns kt-gutter-default kt-v-gutter-default kt-row-valign-top kt-row-layout-equal kt-tab-layout-inherit kt-m-colapse-left-to-right kt-mobile-layout-row\">\n<div class=\"wp-block-kadence-column inner-column-1 kadence-column_becd59-8c\"><div class=\"kt-inside-inner-col\"><style id=\"kb-advancedheading_c138e7-c3\">#kt-adv-heading_c138e7-c3, #kt-adv-heading_c138e7-c3 .wp-block-kadence-advancedheading, .wp-block-kadence-advancedheading.kt-adv-heading_c138e7-c3[data-kb-block=\"kb-adv-heading_c138e7-c3\"], .kadence-advanced-heading-wrapper .kt-adv-heading_c138e7-c3[data-kb-block=\"kb-adv-heading_c138e7-c3\"]{padding-bottom:2%;}<\/style>\n<h2 class=\"kt-adv-heading_c138e7-c3 wp-block-kadence-advancedheading\" data-kb-block=\"kb-adv-heading_c138e7-c3\">Modern Agriculture Mitigates the Impact of Global Warming and Climate Crisis.<\/h2>\n\n\n\n<p>Global warming, which causes significant damage to the world we live in, also poses great threats to our future. We are going through a period when it is challenging to grow crops due to the climate imbalance caused by the damage caused by global warming to our world, and we are witnessing producers who even consider growing wheat with greenhouse cultivation. In this sense, what is Global Warming? We have to ask this question. Global warming is the result of Hydrofluorocarbon gas emitted by factories creating an invisible blanket between the earth and the sun's rays. In terms of Global Warming Consequences, it puts the agriculture sector in a lot of trouble. As a result of the adverse effects of Global Warming, the seasons and the order of the world are changing more and more every day, hindering the execution of agriculture based on natural conditions.<\/p>\n\n\n\n<p>Modern Agriculture is used by many developed countries, and care is taken to develop it because it is much more durable in terms of dependence on natural conditions. The data showing that mass extinction may be pretty common, especially as a result of Global Warming, has accelerated the studies on the sustainability of Modern Agriculture.<\/p>\n\n\n<style id=\"kb-advancedheading_01eb18-e3\">#kt-adv-heading_01eb18-e3, #kt-adv-heading_01eb18-e3 .wp-block-kadence-advancedheading, .wp-block-kadence-advancedheading.kt-adv-heading_01eb18-e3[data-kb-block=\"kb-adv-heading_01eb18-e3\"], .kadence-advanced-heading-wrapper .kt-adv-heading_01eb18-e3[data-kb-block=\"kb-adv-heading_01eb18-e3\"]{padding-bottom:2%;}<\/style>\n<h2 class=\"kt-adv-heading_01eb18-e3 wp-block-kadence-advancedheading\" data-kb-block=\"kb-adv-heading_01eb18-e3\">What will Modern Agriculture bring about?<\/h2>\n\n\n\n<p>Modern Agriculture is preferred not only in Turkey but also in many European countries due to the fact that less harmful waste is left to nature in water use, fertilizer use, and chemical use, and that it is highly resistant to the threat of Global Warming.\n\nSo much so that one kilogram of tomatoes grown in the open field needs about 60 liters of water to come to the table. However, each kilogram of tomato grown with a high-tech hydroponic farming technique reduces its water need to 4 liters.\n\nWhen we consider all the plants grown in the world and the effect of modern agriculture, we are getting closer to the answer to how we can prevent global warming and climate crisis.<\/p>\n\n\n<style id=\"kb-advancedheading_d26c1f-5a\">#kt-adv-heading_d26c1f-5a, #kt-adv-heading_d26c1f-5a .wp-block-kadence-advancedheading, .wp-block-kadence-advancedheading.kt-adv-heading_d26c1f-5a[data-kb-block=\"kb-adv-heading_d26c1f-5a\"], .kadence-advanced-heading-wrapper .kt-adv-heading_d26c1f-5a[data-kb-block=\"kb-adv-heading_d26c1f-5a\"]{padding-bottom:2%;}<\/style>\n<h2 class=\"kt-adv-heading_d26c1f-5a wp-block-kadence-advancedheading\" data-kb-block=\"kb-adv-heading_d26c1f-5a\">The Destructive Threats of Global Warming and Climate Crisis<\/h2>\n\n\n\n<p>Since the industrial revolution, the nature-friendly production methods used in every field have triggered the negative consequences of global warming even more. Global Warming causes climate crises and changes the climate balance of the world day by day. Seeing an average temperature of 21 degrees Celsius, even in the poles, where the frightening cold is experienced, reminds us how much damage we have done to the world we live in.\n\nMelting glaciers, flooded settlements, floods, intense hurricanes\u2026 These are all negative effects of global warming. If we ignore the world we live in and approach it with more wrong methods, at the end of the day, we may not even have a world to live in.<\/p>\n\n\n\n<p>Nature-friendly measures taken in every field, from agriculture to industry, from technology to energy, can delay and prevent these terrifying disaster scenarios. For this reason, although we, as individuals, do not make a large-scale positive impact on the world we live in, we can make a small impact by supporting nature-friendly organizations and institutions against global warming.<\/p>\n\n\n<style id=\"kb-advancedheading_231998-79\">#kt-adv-heading_231998-79, #kt-adv-heading_231998-79 .wp-block-kadence-advancedheading, .wp-block-kadence-advancedheading.kt-adv-heading_231998-79[data-kb-block=\"kb-adv-heading_231998-79\"], .kadence-advanced-heading-wrapper .kt-adv-heading_231998-79[data-kb-block=\"kb-adv-heading_231998-79\"]{padding-bottom:2%;}<\/style>\n<h2 class=\"kt-adv-heading_231998-79 wp-block-kadence-advancedheading\" data-kb-block=\"kb-adv-heading_231998-79\">What is the Role of Gamze Tar\u0131m in Modern Agriculture?<\/h2>\n\n\n\n<p>Gamze Tar\u0131m aims to make modern agriculture innovation permanent by supporting producers who grow products with modern agricultural techniques at the stage of product supply. It applies positive discrimination to the products produced with modern agricultural techniques and to the producers using these techniques and brings them to an advantageous position.\n\nGamze Tar\u0131m paves the way for the transition to modern agriculture by providing various incentives to Turkish farmers who apply traditional agricultural techniques.<\/p>\n\n\n\n<p>Modern Agriculture never spares its support to the producers to obtain the right and healthy product with its teams in the field. The institution, which makes it its duty to create a positive impact on the sector by enlightening the producers on the use of water, fertilizer use, and pesticide use in accordance with world standards, does its best to save the world we live in and make it more livable.<\/p>\n<\/div><\/div>\n<\/div><\/div><\/div>","protected":false},"excerpt":{"rendered":"<p>Modern Tar\u0131m, K\u00fcresel Is\u0131nma ve \u0130klim Krizinin Etkisini Hafifletiyor K\u00fcresel Is\u0131nma, ya\u015fad\u0131\u011f\u0131m\u0131z d\u00fcnyaya zarar verip gelece\u011fimiz i\u00e7in tehditler yarat\u0131yor. \u00dcr\u00fcn yeti\u015ftirmenin \u00e7ok zor oldu\u011fu bir d\u00f6nemden ge\u00e7iyoruz, hatta bu\u011fday\u0131 bile \u00f6rt\u00fc alt\u0131 yeti\u015ftiricilikle yeti\u015ftirmeyi d\u00fc\u015f\u00fcnen \u00fcreticilere \u015fahit oluyoruz. Mevsimlerin ve d\u00fcnyan\u0131n d\u00fczeni her ge\u00e7en g\u00fcn de\u011fi\u015fip, k\u00f6t\u00fcye gidiyor. Geleneksel \u00fcretim teknikleri, kontrols\u00fcz su kullan\u0131m\u0131 ve&#8230;<\/p>","protected":false},"author":1,"featured_media":0,"parent":0,"menu_order":0,"comment_status":"closed","ping_status":"closed","template":"","meta":{"_kad_post_transparent":"","_kad_post_title":"","_kad_post_layout":"","_kad_post_sidebar_id":"","_kad_post_content_style":"","_kad_post_vertical_padding":"","_kad_post_feature":"","_kad_post_feature_position":"","_kad_post_header":false,"_kad_post_footer":false},"uagb_featured_image_src":{"full":false,"thumbnail":false,"medium":false,"medium_large":false,"large":false,"1536x1536":false,"2048x2048":false,"trp-custom-language-flag":false},"uagb_author_info":{"display_name":"gamzetarim","author_link":"https:\/\/gamzetarim.com\/en\/author\/gamzetarim\/"},"uagb_comment_info":0,"uagb_excerpt":"Modern Tar\u0131m, K\u00fcresel Is\u0131nma ve \u0130klim Krizinin Etkisini Hafifletiyor K\u00fcresel Is\u0131nma, ya\u015fad\u0131\u011f\u0131m\u0131z d\u00fcnyaya zarar verip gelece\u011fimiz i\u00e7in tehditler yarat\u0131yor. \u00dcr\u00fcn yeti\u015ftirmenin \u00e7ok zor oldu\u011fu bir d\u00f6nemden ge\u00e7iyoruz, hatta bu\u011fday\u0131 bile \u00f6rt\u00fc alt\u0131 yeti\u015ftiricilikle yeti\u015ftirmeyi d\u00fc\u015f\u00fcnen \u00fcreticilere \u015fahit oluyoruz. Mevsimlerin ve d\u00fcnyan\u0131n d\u00fczeni her ge\u00e7en g\u00fcn de\u011fi\u015fip, k\u00f6t\u00fcye gidiyor. Geleneksel \u00fcretim teknikleri, kontrols\u00fcz su kullan\u0131m\u0131 ve...","_links":{"self":[{"href":"https:\/\/gamzetarim.com\/en\/wp-json\/wp\/v2\/pages\/983"}],"collection":[{"href":"https:\/\/gamzetarim.com\/en\/wp-json\/wp\/v2\/pages"}],"about":[{"href":"https:\/\/gamzetarim.com\/en\/wp-json\/wp\/v2\/types\/page"}],"author":[{"embeddable":true,"href":"https:\/\/gamzetarim.com\/en\/wp-json\/wp\/v2\/users\/1"}],"replies":[{"embeddable":true,"href":"https:\/\/gamzetarim.com\/en\/wp-json\/wp\/v2\/comments?post=983"}],"version-history":[{"count":18,"href":"https:\/\/gamzetarim.com\/en\/wp-json\/wp\/v2\/pages\/983\/revisions"}],"predecessor-version":[{"id":1444,"href":"https:\/\/gamzetarim.com\/en\/wp-json\/wp\/v2\/pages\/983\/revisions\/1444"}],"wp:attachment":[{"href":"https:\/\/gamzetarim.com\/en\/wp-json\/wp\/v2\/media?parent=983"}],"curies":[{"name":"wp","href":"https:\/\/api.w.org\/{rel}","templated":true}]}}