{"id":1243,"date":"2022-07-22T10:47:47","date_gmt":"2022-07-22T07:47:47","guid":{"rendered":"https:\/\/gamzetarim.com\/?page_id=1243"},"modified":"2022-07-22T14:12:24","modified_gmt":"2022-07-22T11:12:24","slug":"kokteyl-domates","status":"publish","type":"page","link":"https:\/\/gamzetarim.com\/en\/urunler\/kokteyl-domates\/","title":{"rendered":"Cocktail Tomato"},"content":{"rendered":"<style id=\"kb-rowlayout_eb285c-74\">#kt-layout-id_eb285c-74 > .kt-row-column-wrap{padding-top:0px;padding-bottom:0px;}<\/style>\n<div class=\"wp-block-kadence-rowlayout alignnone\"><div id=\"kt-layout-id_eb285c-74\" class=\"kt-row-layout-inner kt-layout-id_eb285c-74\"><div class=\"kt-row-column-wrap kt-has-1-columns kt-gutter-default kt-v-gutter-default kt-row-valign-top kt-row-layout-equal kt-tab-layout-inherit kt-m-colapse-left-to-right kt-mobile-layout-row\">\n<div class=\"wp-block-kadence-column inner-column-1 kadence-column_92c15a-03\"><div class=\"kt-inside-inner-col\">\n<div class=\"wp-block-cover alignwide is-position-center-center\" style=\"min-height:50vh\"><span aria-hidden=\"true\" class=\"wp-block-cover__background has-background-dim-70 has-background-dim\" style=\"background-color:#171717\"><\/span><img loading=\"lazy\" width=\"600\" height=\"600\" class=\"wp-block-cover__image-background wp-image-941\" alt=\"\" src=\"https:\/\/gamzetarim.com\/wp-content\/uploads\/2022\/07\/Tomato-Cocktail.webp\" data-object-fit=\"cover\" srcset=\"https:\/\/gamzetarim.com\/wp-content\/uploads\/2022\/07\/Tomato-Cocktail.webp 600w, https:\/\/gamzetarim.com\/wp-content\/uploads\/2022\/07\/Tomato-Cocktail-300x300.webp 300w, https:\/\/gamzetarim.com\/wp-content\/uploads\/2022\/07\/Tomato-Cocktail-150x150.webp 150w\" sizes=\"(max-width: 600px) 100vw, 600px\" \/><div class=\"wp-block-cover__inner-container\"><style id=\"kb-advancedheading_4b69c9-1f\">#kt-adv-heading_4b69c9-1f, #kt-adv-heading_4b69c9-1f .wp-block-kadence-advancedheading, .wp-block-kadence-advancedheading.kt-adv-heading_4b69c9-1f[data-kb-block=\"kb-adv-heading_4b69c9-1f\"], .kadence-advanced-heading-wrapper .kt-adv-heading_4b69c9-1f[data-kb-block=\"kb-adv-heading_4b69c9-1f\"]{text-align:center;font-size:64px;}<\/style>\n<h2 class=\"kt-adv-heading_4b69c9-1f o-typing-slower wp-block-kadence-advancedheading\" data-kb-block=\"kb-adv-heading_4b69c9-1f\">Cocktail Tomato \u2013 Gamze Tar\u0131m<\/h2>\n<\/div><\/div>\n<\/div><\/div>\n<\/div><\/div><\/div>\n\n\n<style id=\"kb-rowlayout_96f098-95\">#kt-layout-id_96f098-95{margin-top:10vh;margin-bottom:2vh;}#kt-layout-id_96f098-95 > .kt-row-column-wrap{padding-top:0%;padding-bottom:4%;padding-left:10%;padding-right:10%;}@media all and (max-width: 767px){#kt-layout-id_96f098-95{margin-bottom:2vh;}}<\/style>\n<div class=\"wp-block-kadence-rowlayout alignnone\"><div id=\"kt-layout-id_96f098-95\" class=\"kt-row-layout-inner kt-row-has-bg kt-layout-id_96f098-95 has-theme-palette-9-background-color\"><div class=\"kt-row-column-wrap kt-has-2-columns kt-gutter-wide kt-v-gutter-default kt-row-valign-top kt-row-layout-equal kt-tab-layout-inherit kt-m-colapse-left-to-right kt-mobile-layout-row\">\n<div class=\"wp-block-kadence-column inner-column-1 kadence-column_7e210d-f7\"><div class=\"kt-inside-inner-col\"><style id=\"kb-image_bae964-e1\">.kb-image_bae964-e1.kb-image-is-ratio-size, .kb-image_bae964-e1 .kb-image-is-ratio-size{max-width:395px;width:100%;}.kb-image_bae964-e1 figure{max-width:395px;}<\/style>\n<div class=\"wp-block-kadence-image kb-image_bae964-e1 is-style-default\"><figure class=\"aligncenter size-full\"><img loading=\"lazy\" width=\"600\" height=\"600\" src=\"https:\/\/gamzetarim.com\/wp-content\/uploads\/2022\/07\/Tomato-Cocktail.webp\" alt=\"\" class=\"kb-img wp-image-941\" srcset=\"https:\/\/gamzetarim.com\/wp-content\/uploads\/2022\/07\/Tomato-Cocktail.webp 600w, https:\/\/gamzetarim.com\/wp-content\/uploads\/2022\/07\/Tomato-Cocktail-300x300.webp 300w, https:\/\/gamzetarim.com\/wp-content\/uploads\/2022\/07\/Tomato-Cocktail-150x150.webp 150w\" sizes=\"(max-width: 600px) 100vw, 600px\" \/><\/figure><\/div>\n<\/div><\/div>\n\n\n<style id=\"kb-column_7bd9e0-3c\">.kadence-column_7bd9e0-3c{text-align:center;}<\/style>\n<div class=\"wp-block-kadence-column inner-column-2 kadence-column_7bd9e0-3c\"><div class=\"kt-inside-inner-col\"><style id=\"kb-advancedbtn_549401-53\">.kt-btns_549401-53 .kt-btn-wrap-0{margin-right:5px;}.rtl .kt-btns_549401-53 .kt-btn-wrap-0{margin-left:5px;margin-right:0px;}.wp-block-kadence-advancedbtn.kt-btns_549401-53 .kt-btn-wrap-0 .kt-button{color:var(--global-palette1, #3182CE);font-size:18px;border-color:#555555;}.wp-block-kadence-advancedbtn.kt-btns_549401-53 .kt-btn-wrap-0 .kt-button:hover, .wp-block-kadence-advancedbtn.kt-btns_549401-53 .kt-btn-wrap-0 .kt-button:focus{color:var(--global-palette1, #3182CE);border-color:var(--global-palette9, #ffffff);}.wp-block-kadence-advancedbtn.kt-btns_549401-53 .kt-btn-wrap-0 .kt-button::before{display:none;}.wp-block-kadence-advancedbtn.kt-btns_549401-53 .kt-btn-wrap-0 .kt-button:hover, .wp-block-kadence-advancedbtn.kt-btns_549401-53 .kt-btn-wrap-0 .kt-button:focus{background:var(--global-palette9, #ffffff);}<\/style>\n<div class=\"wp-block-kadence-advancedbtn kt-btn-align-right kt-btn-tablet-align-inherit kt-btn-mobile-align-center kt-btns-wrap kt-btns_549401-53\"><div class=\"kt-btn-wrap kt-btn-wrap-0\"><a class=\"kt-button button kt-btn-0-action kt-btn-size-large kt-btn-style-basic kt-btn-svg-show-always kt-btn-has-text-true kt-btn-has-svg-true\" href=\"https:\/\/gamzetarim.com\/en\/urunler\/\" style=\"border-width:0px\"><span class=\"kt-btn-inner-text\">All Products<\/span><div style=\"display:inline-flex;justify-content:center;align-items:center\" class=\"kt-btn-svg-icon kt-btn-svg-icon-fe_grid kt-btn-side-right\"><svg style=\"display:inline-block;vertical-align:middle\" viewbox=\"0 0 24 24\" height=\"1em\" width=\"1em\" fill=\"none\" stroke=\"currentColor\" xmlns=\"http:\/\/www.w3.org\/2000\/svg\" stroke-width=\"2\" stroke-linecap=\"round\" stroke-linejoin=\"round\"><rect x=\"3\" y=\"3\" width=\"7\" height=\"7\"><\/rect><rect x=\"14\" y=\"3\" width=\"7\" height=\"7\"><\/rect><rect x=\"14\" y=\"14\" width=\"7\" height=\"7\"><\/rect><rect x=\"3\" y=\"14\" width=\"7\" height=\"7\"><\/rect><\/svg><\/div><\/a><\/div><\/div>\n\n\n<style id=\"kb-advancedheading_461a96-49\">#kt-adv-heading_461a96-49, #kt-adv-heading_461a96-49 .wp-block-kadence-advancedheading, .wp-block-kadence-advancedheading.kt-adv-heading_461a96-49[data-kb-block=\"kb-adv-heading_461a96-49\"], .kadence-advanced-heading-wrapper .kt-adv-heading_461a96-49[data-kb-block=\"kb-adv-heading_461a96-49\"]{text-align:center;font-size:40px;padding-bottom:1%;}<\/style>\n<h2 class=\"kt-adv-heading_461a96-49 wp-block-kadence-advancedheading\" data-kb-block=\"kb-adv-heading_461a96-49\">Cocktail Tomato<\/h2>\n\n\n<div class=\"wp-block-image is-style-default\">\n<figure class=\"aligncenter size-large\"><img src=\"https:\/\/gamzetarim.com\/wp-content\/uploads\/2022\/07\/logo-leaf-new.png\" alt=\"\" class=\"wp-image-2518\"\/><\/figure><\/div>\n\n<style id=\"kb-advancedheading_a700ac-37\">#kt-adv-heading_a700ac-37, #kt-adv-heading_a700ac-37 .wp-block-kadence-advancedheading, .wp-block-kadence-advancedheading.kt-adv-heading_a700ac-37[data-kb-block=\"kb-adv-heading_a700ac-37\"], .kadence-advanced-heading-wrapper .kt-adv-heading_a700ac-37[data-kb-block=\"kb-adv-heading_a700ac-37\"]{font-size:22px;}<\/style>\n<p class=\"kt-adv-heading_a700ac-37 wp-block-kadence-advancedheading\" data-kb-block=\"kb-adv-heading_a700ac-37\">Coming soon...<\/p>\n<\/div><\/div>\n<\/div><\/div><\/div>\n\n\n<style id=\"kb-rowlayout_109e82-b8\">#kt-layout-id_109e82-b8 > .kt-row-column-wrap{padding-top:0%;padding-bottom:0%;padding-left:10%;padding-right:10%;}<\/style>\n<div class=\"wp-block-kadence-rowlayout alignnone\"><div id=\"kt-layout-id_109e82-b8\" class=\"kt-row-layout-inner kt-layout-id_109e82-b8\"><div class=\"kt-row-column-wrap kt-has-1-columns kt-gutter-default kt-v-gutter-default kt-row-valign-top kt-row-layout-equal kt-tab-layout-inherit kt-m-colapse-left-to-right kt-mobile-layout-row\">\n<div class=\"wp-block-kadence-column inner-column-1 kadence-column_93361f-ea\"><div class=\"kt-inside-inner-col\">\n<div class=\"wp-container-5 wp-block-group alignfull has-theme-palette-9-background-color has-background has-small-font-size\"><div class=\"wp-block-group__inner-container\">\n<div class=\"wp-container-4 wp-block-columns are-vertically-aligned-center\">\n<div class=\"wp-container-1 wp-block-column is-vertically-aligned-center\"><style id=\"kb-countup_ea0adc-47\">.kb-count-up-_ea0adc-47 .kb-count-up-title{font-size:50px;}.kb-count-up-_ea0adc-47 .kb-count-up-number{font-size:50px;}.kb-count-up-_ea0adc-47 .kb-count-up-number{text-align:center;}<\/style>\n<div class=\"wp-block-kadence-countup kb-count-up-_ea0adc-47 kb-count-up\" data-start=\"0\" data-end=\"1000000\" data-prefix=\"+\" data-suffix=\"\" data-duration=\"2.5\" data-separator=\".\"><div class=\"kb-count-up-process kb-count-up-number\"><\/div><\/div>\n\n\n\n<p class=\"has-text-align-center has-ast-global-color-4-color has-text-color\">Happy Customers<\/p>\n<\/div>\n\n\n\n<div class=\"wp-container-2 wp-block-column is-vertically-aligned-center\"><style id=\"kb-countup_0c96aa-17\">.kb-count-up-_0c96aa-17 .kb-count-up-title{font-size:50px;}.kb-count-up-_0c96aa-17 .kb-count-up-title{text-align:center;}.kb-count-up-_0c96aa-17 .kb-count-up-number{font-size:50px;}.kb-count-up-_0c96aa-17 .kb-count-up-number{text-align:center;}<\/style>\n<div class=\"wp-block-kadence-countup kb-count-up-_0c96aa-17 kb-count-up\" data-start=\"0\" data-end=\"1000\" data-prefix=\"+\" data-suffix=\"\" data-duration=\"2.5\" data-separator=\".\"><div class=\"kb-count-up-process kb-count-up-number\"><\/div><\/div>\n\n\n\n<p class=\"has-text-align-center has-ast-global-color-4-color has-text-color\">Happy Partnerships<\/p>\n<\/div>\n\n\n\n<div class=\"wp-container-3 wp-block-column is-vertically-aligned-center\"><style id=\"kb-countup_95eed2-69\">.kb-count-up-_95eed2-69 .kb-count-up-title{font-size:50px;}.kb-count-up-_95eed2-69 .kb-count-up-number{font-size:50px;}.kb-count-up-_95eed2-69 .kb-count-up-number{text-align:center;}<\/style>\n<div class=\"wp-block-kadence-countup kb-count-up-_95eed2-69 kb-count-up\" data-start=\"0\" data-end=\"100\" data-prefix=\"%\" data-suffix=\"\" data-duration=\"2.5\" data-separator=\"\"><div class=\"kb-count-up-process kb-count-up-number\"><\/div><\/div>\n\n\n\n<p class=\"has-text-align-center has-ast-global-color-4-color has-text-color\">Healthy Products<\/p>\n<\/div>\n<\/div>\n<\/div><\/div>\n<\/div><\/div>\n<\/div><\/div><\/div>\n\n\n<style id=\"kb-rowlayout_afd852-da\">#kt-layout-id_afd852-da > .kt-row-column-wrap{padding-top:3%;padding-bottom:5%;padding-left:15%;padding-right:15%;}<\/style>\n<div class=\"wp-block-kadence-rowlayout alignnone\"><div id=\"kt-layout-id_afd852-da\" class=\"kt-row-layout-inner kt-layout-id_afd852-da\"><div class=\"kt-row-column-wrap kt-has-3-columns kt-gutter-default kt-v-gutter-default kt-row-valign-top kt-row-layout-equal kt-tab-layout-equal kt-m-colapse-left-to-right kt-mobile-layout-row\">\n<div class=\"wp-block-kadence-column inner-column-1 kadence-column_281d63-17\"><div class=\"kt-inside-inner-col\"><style id=\"kb-infobox_bd7a1a-fb\">#kt-info-box_bd7a1a-fb .kt-blocks-info-box-link-wrap{padding-top:20px;padding-right:20px;padding-bottom:20px;padding-left:20px;border-top-width:0px;border-right-width:0px;border-bottom-width:0px;border-left-width:0px;}#kt-info-box_bd7a1a-fb .kt-blocks-info-box-link-wrap:hover{border-color:#eeeeee;background:#f2f2f2;}#kt-info-box_bd7a1a-fb .kt-info-svg-icon, #kt-info-box_bd7a1a-fb .kt-info-svg-icon-flip, #kt-info-box_bd7a1a-fb .kt-blocks-info-box-number{font-size:40px;}#kt-info-box_bd7a1a-fb .kt-blocks-info-box-media{color:var(--global-palette1, #3182CE);border-color:var(--global-palette1, #3182CE);border-top-width:0px;border-right-width:0px;border-bottom-width:0px;border-left-width:0px;padding-top:10px;padding-right:10px;padding-bottom:10px;padding-left:10px;}#kt-info-box_bd7a1a-fb .kt-blocks-info-box-media-container{margin-top:0px;margin-right:15px;margin-bottom:0px;margin-left:15px;}#kt-info-box_bd7a1a-fb .kt-blocks-info-box-link-wrap:hover .kt-blocks-info-box-media{color:var(--global-palette2, #2B6CB0);border-color:var(--global-palette2, #2B6CB0);}#kt-info-box_bd7a1a-fb .kt-blocks-info-box-title{font-size:18px;font-style:normal;font-weight:400;padding-top:0px;padding-right:0px;padding-bottom:0px;padding-left:0px;margin-top:5px;margin-right:0px;margin-bottom:10px;margin-left:0px;}<\/style>\n<div id=\"kt-info-box_bd7a1a-fb\" class=\"wp-block-kadence-infobox\"><a class=\"kt-blocks-info-box-link-wrap info-box-link kt-blocks-info-box-media-align-top kt-info-halign-center\" href=\"https:\/\/gamzetarim.com\/en\/urunler\/uzum\/\"><div class=\"kt-blocks-info-box-media-container\"><div class=\"kt-blocks-info-box-media kt-info-media-animate-none\"><div class=\"kadence-info-box-icon-container kt-info-icon-animate-none\"><div class=\"kadence-info-box-icon-inner-container\"><span style=\"display:block;justify-content:center;align-items:center\" class=\"kt-info-svg-icon kt-info-svg-icon-fe_arrowLeft\"><svg style=\"display:inline-block;vertical-align:middle\" viewbox=\"0 0 24 24\" height=\"40\" width=\"40\" fill=\"none\" stroke=\"currentColor\" xmlns=\"http:\/\/www.w3.org\/2000\/svg\" stroke-width=\"2\" stroke-linecap=\"round\" stroke-linejoin=\"round\" aria-hidden=\"true\"><line x1=\"19\" y1=\"12\" x2=\"5\" y2=\"12\"><\/line><polyline points=\"12 19 5 12 12 5\"><\/polyline><\/svg><\/span><\/div><\/div><\/div><\/div><div class=\"kt-infobox-textcontent\"><h2 class=\"kt-blocks-info-box-title\">Cherry Tomato<\/h2><\/div><\/a><\/div>\n<\/div><\/div>\n\n\n\n<div class=\"wp-block-kadence-column inner-column-2 kadence-column_49bd9d-45\"><div class=\"kt-inside-inner-col\"><style id=\"kb-infobox_062dc1-ca\">#kt-info-box_062dc1-ca .kt-blocks-info-box-link-wrap{padding-top:20px;padding-right:20px;padding-bottom:20px;padding-left:20px;border-top-width:0px;border-right-width:0px;border-bottom-width:0px;border-left-width:0px;}#kt-info-box_062dc1-ca .kt-blocks-info-box-link-wrap:hover{border-color:#eeeeee;background:#f2f2f2;}#kt-info-box_062dc1-ca .kt-info-svg-icon, #kt-info-box_062dc1-ca .kt-info-svg-icon-flip, #kt-info-box_062dc1-ca .kt-blocks-info-box-number{font-size:40px;}#kt-info-box_062dc1-ca .kt-blocks-info-box-media{color:var(--global-palette1, #3182CE);border-color:var(--global-palette1, #3182CE);border-top-width:0px;border-right-width:0px;border-bottom-width:0px;border-left-width:0px;padding-top:10px;padding-right:10px;padding-bottom:10px;padding-left:10px;}#kt-info-box_062dc1-ca .kt-blocks-info-box-media-container{margin-top:0px;margin-right:15px;margin-bottom:0px;margin-left:15px;}#kt-info-box_062dc1-ca .kt-blocks-info-box-link-wrap:hover .kt-blocks-info-box-media{color:var(--global-palette2, #2B6CB0);border-color:var(--global-palette2, #2B6CB0);}#kt-info-box_062dc1-ca .kt-blocks-info-box-title{font-size:18px;font-style:normal;font-weight:400;padding-top:0px;padding-right:0px;padding-bottom:0px;padding-left:0px;margin-top:5px;margin-right:0px;margin-bottom:10px;margin-left:0px;}<\/style>\n<div id=\"kt-info-box_062dc1-ca\" class=\"wp-block-kadence-infobox\"><a class=\"kt-blocks-info-box-link-wrap info-box-link kt-blocks-info-box-media-align-top kt-info-halign-center\" href=\"https:\/\/gamzetarim.com\/en\/urunler\/\"><div class=\"kt-blocks-info-box-media-container\"><div class=\"kt-blocks-info-box-media kt-info-media-animate-none\"><div class=\"kadence-info-box-icon-container kt-info-icon-animate-none\"><div class=\"kadence-info-box-icon-inner-container\"><span style=\"display:block;justify-content:center;align-items:center\" class=\"kt-info-svg-icon kt-info-svg-icon-fe_grid\"><svg style=\"display:inline-block;vertical-align:middle\" viewbox=\"0 0 24 24\" height=\"40\" width=\"40\" fill=\"none\" stroke=\"currentColor\" xmlns=\"http:\/\/www.w3.org\/2000\/svg\" stroke-width=\"2\" stroke-linecap=\"round\" stroke-linejoin=\"round\" aria-hidden=\"true\"><rect x=\"3\" y=\"3\" width=\"7\" height=\"7\"><\/rect><rect x=\"14\" y=\"3\" width=\"7\" height=\"7\"><\/rect><rect x=\"14\" y=\"14\" width=\"7\" height=\"7\"><\/rect><rect x=\"3\" y=\"14\" width=\"7\" height=\"7\"><\/rect><\/svg><\/span><\/div><\/div><\/div><\/div><div class=\"kt-infobox-textcontent\"><h2 class=\"kt-blocks-info-box-title\">All Products<\/h2><\/div><\/a><\/div>\n<\/div><\/div>\n\n\n\n<div class=\"wp-block-kadence-column inner-column-3 kadence-column_53c96d-d0\"><div class=\"kt-inside-inner-col\"><style id=\"kb-infobox_6a1361-bc\">#kt-info-box_6a1361-bc .kt-blocks-info-box-link-wrap{padding-top:20px;padding-right:20px;padding-bottom:20px;padding-left:20px;border-top-width:0px;border-right-width:0px;border-bottom-width:0px;border-left-width:0px;}#kt-info-box_6a1361-bc .kt-blocks-info-box-link-wrap:hover{border-color:#eeeeee;background:#f2f2f2;}#kt-info-box_6a1361-bc .kt-info-svg-icon, #kt-info-box_6a1361-bc .kt-info-svg-icon-flip, #kt-info-box_6a1361-bc .kt-blocks-info-box-number{font-size:40px;}#kt-info-box_6a1361-bc .kt-blocks-info-box-media{color:var(--global-palette1, #3182CE);border-color:var(--global-palette1, #3182CE);border-top-width:0px;border-right-width:0px;border-bottom-width:0px;border-left-width:0px;padding-top:10px;padding-right:10px;padding-bottom:10px;padding-left:10px;}#kt-info-box_6a1361-bc .kt-blocks-info-box-media-container{margin-top:0px;margin-right:15px;margin-bottom:0px;margin-left:15px;}#kt-info-box_6a1361-bc .kt-blocks-info-box-link-wrap:hover .kt-blocks-info-box-media{color:var(--global-palette2, #2B6CB0);border-color:var(--global-palette2, #2B6CB0);}#kt-info-box_6a1361-bc .kt-blocks-info-box-title{font-size:18px;font-style:normal;font-weight:400;padding-top:0px;padding-right:0px;padding-bottom:0px;padding-left:0px;margin-top:5px;margin-right:0px;margin-bottom:10px;margin-left:0px;}<\/style>\n<div id=\"kt-info-box_6a1361-bc\" class=\"wp-block-kadence-infobox\"><a class=\"kt-blocks-info-box-link-wrap info-box-link kt-blocks-info-box-media-align-top kt-info-halign-center\" href=\"https:\/\/gamzetarim.com\/en\/urunler\/altin-hurma-domates\/\"><div class=\"kt-blocks-info-box-media-container\"><div class=\"kt-blocks-info-box-media kt-info-media-animate-none\"><div class=\"kadence-info-box-icon-container kt-info-icon-animate-none\"><div class=\"kadence-info-box-icon-inner-container\"><span style=\"display:block;justify-content:center;align-items:center\" class=\"kt-info-svg-icon kt-info-svg-icon-fe_arrowRight\"><svg style=\"display:inline-block;vertical-align:middle\" viewbox=\"0 0 24 24\" height=\"40\" width=\"40\" fill=\"none\" stroke=\"currentColor\" xmlns=\"http:\/\/www.w3.org\/2000\/svg\" stroke-width=\"2\" stroke-linecap=\"round\" stroke-linejoin=\"round\" aria-hidden=\"true\"><line x1=\"5\" y1=\"12\" x2=\"19\" y2=\"12\"><\/line><polyline points=\"12 5 19 12 12 19\"><\/polyline><\/svg><\/span><\/div><\/div><\/div><\/div><div class=\"kt-infobox-textcontent\"><h2 class=\"kt-blocks-info-box-title\">Golden Baby Plum Tomato<\/h2><\/div><\/a><\/div>\n<\/div><\/div>\n<\/div><\/div><\/div>","protected":false},"excerpt":{"rendered":"<p>Kokteyl Domates Yak\u0131nda&#8230; Mutlu M\u00fc\u015fteri Mutlu \u0130\u015fbirli\u011fi Sa\u011fl\u0131kl\u0131 \u00dcr\u00fcn<\/p>","protected":false},"author":1,"featured_media":0,"parent":16,"menu_order":6,"comment_status":"closed","ping_status":"closed","template":"","meta":{"_kad_post_transparent":"","_kad_post_title":"","_kad_post_layout":"","_kad_post_sidebar_id":"","_kad_post_content_style":"","_kad_post_vertical_padding":"","_kad_post_feature":"","_kad_post_feature_position":"","_kad_post_header":false,"_kad_post_footer":false},"uagb_featured_image_src":{"full":false,"thumbnail":false,"medium":false,"medium_large":false,"large":false,"1536x1536":false,"2048x2048":false,"trp-custom-language-flag":false},"uagb_author_info":{"display_name":"gamzetarim","author_link":"https:\/\/gamzetarim.com\/en\/author\/gamzetarim\/"},"uagb_comment_info":0,"uagb_excerpt":"Kokteyl Domates Yak\u0131nda&#8230; Mutlu M\u00fc\u015fteri Mutlu \u0130\u015fbirli\u011fi Sa\u011fl\u0131kl\u0131 \u00dcr\u00fcn","_links":{"self":[{"href":"https:\/\/gamzetarim.com\/en\/wp-json\/wp\/v2\/pages\/1243"}],"collection":[{"href":"https:\/\/gamzetarim.com\/en\/wp-json\/wp\/v2\/pages"}],"about":[{"href":"https:\/\/gamzetarim.com\/en\/wp-json\/wp\/v2\/types\/page"}],"author":[{"embeddable":true,"href":"https:\/\/gamzetarim.com\/en\/wp-json\/wp\/v2\/users\/1"}],"replies":[{"embeddable":true,"href":"https:\/\/gamzetarim.com\/en\/wp-json\/wp\/v2\/comments?post=1243"}],"version-history":[{"count":3,"href":"https:\/\/gamzetarim.com\/en\/wp-json\/wp\/v2\/pages\/1243\/revisions"}],"predecessor-version":[{"id":1378,"href":"https:\/\/gamzetarim.com\/en\/wp-json\/wp\/v2\/pages\/1243\/revisions\/1378"}],"up":[{"embeddable":true,"href":"https:\/\/gamzetarim.com\/en\/wp-json\/wp\/v2\/pages\/16"}],"wp:attachment":[{"href":"https:\/\/gamzetarim.com\/en\/wp-json\/wp\/v2\/media?parent=1243"}],"curies":[{"name":"wp","href":"https:\/\/api.w.org\/{rel}","templated":true}]}}