{"id":1198,"date":"2022-07-21T15:07:48","date_gmt":"2022-07-21T12:07:48","guid":{"rendered":"https:\/\/gamzetarim.com\/?page_id=1198"},"modified":"2022-08-09T11:50:21","modified_gmt":"2022-08-09T08:50:21","slug":"tedarik-zincirinin-butun-halkalarinda-dogru-kisilerleyiz","status":"publish","type":"page","link":"https:\/\/gamzetarim.com\/en\/tedarik-zincirinin-butun-halkalarinda-dogru-kisilerleyiz\/","title":{"rendered":"Working with the Right People in All Links of the Supply Chain"},"content":{"rendered":"<style id=\"kb-rowlayout_22458d-51\">#kt-layout-id_22458d-51 > .kt-row-column-wrap{padding-top:0px;padding-bottom:0px;}<\/style>\n<div class=\"wp-block-kadence-rowlayout alignnone\"><div id=\"kt-layout-id_22458d-51\" class=\"kt-row-layout-inner kt-layout-id_22458d-51\"><div class=\"kt-row-column-wrap kt-has-1-columns kt-gutter-default kt-v-gutter-default kt-row-valign-top kt-row-layout-equal kt-tab-layout-inherit kt-m-colapse-left-to-right kt-mobile-layout-row\">\n<div class=\"wp-block-kadence-column inner-column-1 kadence-column_636cd7-53\"><div class=\"kt-inside-inner-col\">\n<div class=\"wp-block-cover alignwide is-position-center-center\" style=\"min-height:70vh\"><span aria-hidden=\"true\" class=\"wp-block-cover__background has-background-dim-70 has-background-dim\" style=\"background-color:#171717\"><\/span><img loading=\"lazy\" width=\"1920\" height=\"1080\" class=\"wp-block-cover__image-background wp-image-871\" alt=\"\" src=\"https:\/\/gamzetarim.com\/wp-content\/uploads\/2022\/07\/Third-Pic.webp\" data-object-fit=\"cover\" srcset=\"https:\/\/gamzetarim.com\/wp-content\/uploads\/2022\/07\/Third-Pic.webp 1920w, https:\/\/gamzetarim.com\/wp-content\/uploads\/2022\/07\/Third-Pic-300x169.webp 300w, https:\/\/gamzetarim.com\/wp-content\/uploads\/2022\/07\/Third-Pic-1024x576.webp 1024w, https:\/\/gamzetarim.com\/wp-content\/uploads\/2022\/07\/Third-Pic-768x432.webp 768w, https:\/\/gamzetarim.com\/wp-content\/uploads\/2022\/07\/Third-Pic-1536x864.webp 1536w\" sizes=\"(max-width: 1920px) 100vw, 1920px\" \/><div class=\"wp-block-cover__inner-container\"><style id=\"kb-advancedheading_96a590-e6\">#kt-adv-heading_96a590-e6, #kt-adv-heading_96a590-e6 .wp-block-kadence-advancedheading, .wp-block-kadence-advancedheading.kt-adv-heading_96a590-e6[data-kb-block=\"kb-adv-heading_96a590-e6\"], .kadence-advanced-heading-wrapper .kt-adv-heading_96a590-e6[data-kb-block=\"kb-adv-heading_96a590-e6\"]{text-align:center;font-size:64px;}@media all and (max-width: 767px){#kt-adv-heading_96a590-e6, #kt-adv-heading_96a590-e6 .wp-block-kadence-advancedheading, .wp-block-kadence-advancedheading.kt-adv-heading_96a590-e6[data-kb-block=\"kb-adv-heading_96a590-e6\"], .kadence-advanced-heading-wrapper .kt-adv-heading_96a590-e6[data-kb-block=\"kb-adv-heading_96a590-e6\"]{font-size:42px;}}<\/style>\n<h2 class=\"kt-adv-heading_96a590-e6 o-typing-slower wp-block-kadence-advancedheading\" data-kb-block=\"kb-adv-heading_96a590-e6\">Supply Chain<\/h2>\n\n\n<style id=\"kb-advancedheading_3f4a71-69\">#kt-adv-heading_3f4a71-69, #kt-adv-heading_3f4a71-69 .wp-block-kadence-advancedheading, .wp-block-kadence-advancedheading.kt-adv-heading_3f4a71-69[data-kb-block=\"kb-adv-heading_3f4a71-69\"], .kadence-advanced-heading-wrapper .kt-adv-heading_3f4a71-69[data-kb-block=\"kb-adv-heading_3f4a71-69\"]{text-align:center;font-size:36px;}@media all and (max-width: 767px){#kt-adv-heading_3f4a71-69, #kt-adv-heading_3f4a71-69 .wp-block-kadence-advancedheading, .wp-block-kadence-advancedheading.kt-adv-heading_3f4a71-69[data-kb-block=\"kb-adv-heading_3f4a71-69\"], .kadence-advanced-heading-wrapper .kt-adv-heading_3f4a71-69[data-kb-block=\"kb-adv-heading_3f4a71-69\"]{font-size:18px;}}<\/style>\n<p class=\"kt-adv-heading_3f4a71-69 wp-block-kadence-advancedheading has-theme-palette-9-color has-text-color\" data-kb-block=\"kb-adv-heading_3f4a71-69\"><strong>Working with the Right People in All Links of the Supply Chain<\/strong><\/p>\n<\/div><\/div>\n<\/div><\/div>\n<\/div><\/div><\/div>\n\n\n<style id=\"kb-rowlayout_a0972a-83\">#kt-layout-id_a0972a-83 > .kt-row-column-wrap{max-width:60vw;margin-left:auto;margin-right:auto;}@media all and (max-width: 1024px){#kt-layout-id_a0972a-83 > .kt-row-column-wrap{max-width:80vw;margin-left:auto;margin-right:auto;}}@media all and (max-width: 767px){#kt-layout-id_a0972a-83 > .kt-row-column-wrap{max-width:90vw;margin-left:auto;margin-right:auto;}}<\/style>\n<div class=\"wp-block-kadence-rowlayout alignnone\"><div id=\"kt-layout-id_a0972a-83\" class=\"kt-row-layout-inner kt-layout-id_a0972a-83\"><div class=\"kt-row-column-wrap kt-has-1-columns kt-gutter-default kt-v-gutter-default kt-row-valign-top kt-row-layout-equal kt-tab-layout-inherit kt-m-colapse-left-to-right kt-mobile-layout-row\">\n<div class=\"wp-block-kadence-column inner-column-1 kadence-column_558afe-ee\"><div class=\"kt-inside-inner-col\"><style id=\"kb-advancedheading_312f31-a0\">#kt-adv-heading_312f31-a0, #kt-adv-heading_312f31-a0 .wp-block-kadence-advancedheading, .wp-block-kadence-advancedheading.kt-adv-heading_312f31-a0[data-kb-block=\"kb-adv-heading_312f31-a0\"], .kadence-advanced-heading-wrapper .kt-adv-heading_312f31-a0[data-kb-block=\"kb-adv-heading_312f31-a0\"]{padding-bottom:2%;}<\/style>\n<h2 class=\"kt-adv-heading_312f31-a0 wp-block-kadence-advancedheading\" data-kb-block=\"kb-adv-heading_312f31-a0\">The Supply Chain is an indivisible whole!<\/h2>\n\n\n\n<p>The supply chain is a process that covers the delivery of the product from the producer to the consumer. It covers all the stages, from the production stage of a product to reaching the end consumer. Today, all powerful companies that are branded around the world have a strong supply chain. Gamze Tar\u0131m has made it its duty to protect the power and integrity in this chain. From the production stage, which is the beginning of the chain, to packaging, from storage to logistics, the company reveals its assurance in each supply chain link.<\/p>\n\n\n<style id=\"kb-advancedheading_b529ab-bb\">#kt-adv-heading_b529ab-bb, #kt-adv-heading_b529ab-bb .wp-block-kadence-advancedheading, .wp-block-kadence-advancedheading.kt-adv-heading_b529ab-bb[data-kb-block=\"kb-adv-heading_b529ab-bb\"], .kadence-advanced-heading-wrapper .kt-adv-heading_b529ab-bb[data-kb-block=\"kb-adv-heading_b529ab-bb\"]{padding-bottom:2%;}<\/style>\n<h2 class=\"kt-adv-heading_b529ab-bb wp-block-kadence-advancedheading\" data-kb-block=\"kb-adv-heading_b529ab-bb\">Every link of the chain in safe hands.<\/h2>\n\n\n\n<p>All kinds of resources and components involved in all activities carried out within the Supply Chain process are converted into products and delivered to the customer at the final stage. There is a movement from suppliers to manufacturers, distributors, wholesalers, retailers, and finally to consumers within the whole of the relationships and links that make up the Supply Chain. Each link of this chain regularly follows each other. Similarly, we can say that there are certain stages of the Supply Chain in terms of business processes. Valuable processes such as production, stock management, material supply, distribution, sales, procurement, and customer relationship management ensure the functioning of the Supply Chain.<\/p>\n\n\n\n<p>We are happy to supply quality products to our valued consumers at the end of the chain by assigning our professional team to each ring of the supply chain. We are with you every step of the way with our strong production team, modern packaging facilities, and expansive logistics network. We continue our activities without slowing down in this sector, where we have spent years. We are with you every step of the way, and your health is safe with us.<\/p>\n\n\n<style id=\"kb-advancedheading_a193ca-4e\">#kt-adv-heading_a193ca-4e, #kt-adv-heading_a193ca-4e .wp-block-kadence-advancedheading, .wp-block-kadence-advancedheading.kt-adv-heading_a193ca-4e[data-kb-block=\"kb-adv-heading_a193ca-4e\"], .kadence-advanced-heading-wrapper .kt-adv-heading_a193ca-4e[data-kb-block=\"kb-adv-heading_a193ca-4e\"]{padding-bottom:2%;}<\/style>\n<h2 class=\"kt-adv-heading_a193ca-4e wp-block-kadence-advancedheading\" data-kb-block=\"kb-adv-heading_a193ca-4e\">Gamze Tar\u0131m desires to continue its activities in every field in the sector.<\/h2>\n\n\n\n<p>With our activities in production, packaging, logistics, and sales channels, we rolled up our sleeves to take control of the supporting production stages as well. Our investments continue in every field that will strengthen us and our networks, such as plastic case production factories, greenhouse materials production, and petrol stations. We are in pursuit of growing together by supporting everyone who wants to benefit from our experience in supply chain management.<\/p>\n\n\n<style id=\"kb-advancedheading_f213d7-5d\">#kt-adv-heading_f213d7-5d, #kt-adv-heading_f213d7-5d .wp-block-kadence-advancedheading, .wp-block-kadence-advancedheading.kt-adv-heading_f213d7-5d[data-kb-block=\"kb-adv-heading_f213d7-5d\"], .kadence-advanced-heading-wrapper .kt-adv-heading_f213d7-5d[data-kb-block=\"kb-adv-heading_f213d7-5d\"]{padding-bottom:2%;}<\/style>\n<h2 class=\"kt-adv-heading_f213d7-5d wp-block-kadence-advancedheading\" data-kb-block=\"kb-adv-heading_f213d7-5d\">Our products in safe hands.<\/h2>\n\n\n\n<p>We know the manufacturers of all the products we supply closely. We visit each production area and ensure that plants are grown with the right methods. We consider world standards and share advantageous situations with everyone. With our leadership position in the sector, we guide all our producers, and with our expert hands, we provide products to the tables of our valuable consumers during the supply chain process.<\/p>\n\n\n<style id=\"kb-advancedheading_7c7778-42\">#kt-adv-heading_7c7778-42, #kt-adv-heading_7c7778-42 .wp-block-kadence-advancedheading, .wp-block-kadence-advancedheading.kt-adv-heading_7c7778-42[data-kb-block=\"kb-adv-heading_7c7778-42\"], .kadence-advanced-heading-wrapper .kt-adv-heading_7c7778-42[data-kb-block=\"kb-adv-heading_7c7778-42\"]{padding-bottom:2%;}<\/style>\n<h2 class=\"kt-adv-heading_7c7778-42 wp-block-kadence-advancedheading\" data-kb-block=\"kb-adv-heading_7c7778-42\">Food health is safe with us.<\/h2>\n\n\n\n<p>As we always say, human health comes first. With every step we take and every decision we take, we take action by prioritizing human health in this challenging process. We can protect your health because we work with expert hands in supply chain management.<\/p>\n<\/div><\/div>\n<\/div><\/div><\/div>","protected":false},"excerpt":{"rendered":"<p>Tedarik Zinciri, par\u00e7alanmaz bir b\u00fct\u00fcnd\u00fcr! Tedarik zinciri, \u00fcr\u00fcn\u00fcn \u00fcreticiden, t\u00fcketiciye ula\u015fmas\u0131n\u0131 kapsayan s\u00fcre\u00e7tir. Bir \u00fcr\u00fcn\u00fcn \u00fcretim a\u015famas\u0131ndan, son t\u00fcketicinin eline ula\u015ft\u0131\u011f\u0131 t\u00fcm a\u015famalar\u0131 kapsar. Bug\u00fcn d\u00fcnya \u00fczerinde markala\u015fm\u0131\u015f b\u00fct\u00fcn g\u00fc\u00e7l\u00fc \u015firketlerin g\u00fc\u00e7l\u00fc bir tedarik zinciri vard\u0131r. Gamze Tar\u0131m da bu zincirdeki g\u00fcc\u00fc ve b\u00fct\u00fcnl\u00fc\u011f\u00fc korumay\u0131 kendine g\u00f6rev edinmi\u015ftir. Zincirin en ba\u015f\u0131 olan \u00fcretim a\u015famas\u0131ndan paketlemeye,&#8230;<\/p>","protected":false},"author":1,"featured_media":0,"parent":0,"menu_order":0,"comment_status":"closed","ping_status":"closed","template":"","meta":{"_kad_post_transparent":"","_kad_post_title":"","_kad_post_layout":"","_kad_post_sidebar_id":"","_kad_post_content_style":"","_kad_post_vertical_padding":"","_kad_post_feature":"","_kad_post_feature_position":"","_kad_post_header":false,"_kad_post_footer":false},"uagb_featured_image_src":{"full":false,"thumbnail":false,"medium":false,"medium_large":false,"large":false,"1536x1536":false,"2048x2048":false,"trp-custom-language-flag":false},"uagb_author_info":{"display_name":"gamzetarim","author_link":"https:\/\/gamzetarim.com\/en\/author\/gamzetarim\/"},"uagb_comment_info":0,"uagb_excerpt":"Tedarik Zinciri, par\u00e7alanmaz bir b\u00fct\u00fcnd\u00fcr! Tedarik zinciri, \u00fcr\u00fcn\u00fcn \u00fcreticiden, t\u00fcketiciye ula\u015fmas\u0131n\u0131 kapsayan s\u00fcre\u00e7tir. Bir \u00fcr\u00fcn\u00fcn \u00fcretim a\u015famas\u0131ndan, son t\u00fcketicinin eline ula\u015ft\u0131\u011f\u0131 t\u00fcm a\u015famalar\u0131 kapsar. Bug\u00fcn d\u00fcnya \u00fczerinde markala\u015fm\u0131\u015f b\u00fct\u00fcn g\u00fc\u00e7l\u00fc \u015firketlerin g\u00fc\u00e7l\u00fc bir tedarik zinciri vard\u0131r. Gamze Tar\u0131m da bu zincirdeki g\u00fcc\u00fc ve b\u00fct\u00fcnl\u00fc\u011f\u00fc korumay\u0131 kendine g\u00f6rev edinmi\u015ftir. Zincirin en ba\u015f\u0131 olan \u00fcretim a\u015famas\u0131ndan paketlemeye,...","_links":{"self":[{"href":"https:\/\/gamzetarim.com\/en\/wp-json\/wp\/v2\/pages\/1198"}],"collection":[{"href":"https:\/\/gamzetarim.com\/en\/wp-json\/wp\/v2\/pages"}],"about":[{"href":"https:\/\/gamzetarim.com\/en\/wp-json\/wp\/v2\/types\/page"}],"author":[{"embeddable":true,"href":"https:\/\/gamzetarim.com\/en\/wp-json\/wp\/v2\/users\/1"}],"replies":[{"embeddable":true,"href":"https:\/\/gamzetarim.com\/en\/wp-json\/wp\/v2\/comments?post=1198"}],"version-history":[{"count":3,"href":"https:\/\/gamzetarim.com\/en\/wp-json\/wp\/v2\/pages\/1198\/revisions"}],"predecessor-version":[{"id":1429,"href":"https:\/\/gamzetarim.com\/en\/wp-json\/wp\/v2\/pages\/1198\/revisions\/1429"}],"wp:attachment":[{"href":"https:\/\/gamzetarim.com\/en\/wp-json\/wp\/v2\/media?parent=1198"}],"curies":[{"name":"wp","href":"https:\/\/api.w.org\/{rel}","templated":true}]}}