{"id":983,"date":"2022-07-16T20:44:50","date_gmt":"2022-07-16T17:44:50","guid":{"rendered":"https:\/\/gamzetarim.com\/?page_id=983"},"modified":"2022-08-09T11:48:16","modified_gmt":"2022-08-09T08:48:16","slug":"kuresel-isinmanin-farkindayiz","status":"publish","type":"page","link":"https:\/\/gamzetarim.com\/de\/kuresel-isinmanin-farkindayiz\/","title":{"rendered":"Wir sind uns der globalen Erw\u00e4rmung bewusst"},"content":{"rendered":"<style id=\"kb-rowlayout_8ad906-d3\">#kt-layout-id_8ad906-d3 > .kt-row-column-wrap{padding-top:0px;padding-bottom:0px;}<\/style>\n<div class=\"wp-block-kadence-rowlayout alignnone\"><div id=\"kt-layout-id_8ad906-d3\" class=\"kt-row-layout-inner kt-layout-id_8ad906-d3\"><div class=\"kt-row-column-wrap kt-has-1-columns kt-gutter-default kt-v-gutter-default kt-row-valign-top kt-row-layout-equal kt-tab-layout-inherit kt-m-colapse-left-to-right kt-mobile-layout-row\">\n<div class=\"wp-block-kadence-column inner-column-1 kadence-column_df4bd0-d1\"><div class=\"kt-inside-inner-col\">\n<div class=\"wp-block-cover alignwide is-position-center-center\" style=\"min-height:70vh\"><span aria-hidden=\"true\" class=\"wp-block-cover__background has-background-dim-70 has-background-dim\" style=\"background-color:#171717\"><\/span><img loading=\"lazy\" width=\"1920\" height=\"1080\" class=\"wp-block-cover__image-background wp-image-868\" alt=\"\" src=\"https:\/\/gamzetarim.com\/wp-content\/uploads\/2022\/07\/First-Pic.webp\" data-object-fit=\"cover\" srcset=\"https:\/\/gamzetarim.com\/wp-content\/uploads\/2022\/07\/First-Pic.webp 1920w, https:\/\/gamzetarim.com\/wp-content\/uploads\/2022\/07\/First-Pic-300x169.webp 300w, https:\/\/gamzetarim.com\/wp-content\/uploads\/2022\/07\/First-Pic-1024x576.webp 1024w, https:\/\/gamzetarim.com\/wp-content\/uploads\/2022\/07\/First-Pic-768x432.webp 768w, https:\/\/gamzetarim.com\/wp-content\/uploads\/2022\/07\/First-Pic-1536x864.webp 1536w\" sizes=\"(max-width: 1920px) 100vw, 1920px\" \/><div class=\"wp-block-cover__inner-container\"><style id=\"kb-advancedheading_9737f5-6c\">#kt-adv-heading_9737f5-6c, #kt-adv-heading_9737f5-6c .wp-block-kadence-advancedheading, .wp-block-kadence-advancedheading.kt-adv-heading_9737f5-6c[data-kb-block=\"kb-adv-heading_9737f5-6c\"], .kadence-advanced-heading-wrapper .kt-adv-heading_9737f5-6c[data-kb-block=\"kb-adv-heading_9737f5-6c\"]{text-align:center;font-size:64px;}@media all and (max-width: 767px){#kt-adv-heading_9737f5-6c, #kt-adv-heading_9737f5-6c .wp-block-kadence-advancedheading, .wp-block-kadence-advancedheading.kt-adv-heading_9737f5-6c[data-kb-block=\"kb-adv-heading_9737f5-6c\"], .kadence-advanced-heading-wrapper .kt-adv-heading_9737f5-6c[data-kb-block=\"kb-adv-heading_9737f5-6c\"]{font-size:42px;}}<\/style>\n<h2 class=\"kt-adv-heading_9737f5-6c o-typing-slower wp-block-kadence-advancedheading\" data-kb-block=\"kb-adv-heading_9737f5-6c\">Erderw\u00e4rmung<\/h2>\n\n\n<style id=\"kb-advancedheading_86262f-7a\">#kt-adv-heading_86262f-7a, #kt-adv-heading_86262f-7a .wp-block-kadence-advancedheading, .wp-block-kadence-advancedheading.kt-adv-heading_86262f-7a[data-kb-block=\"kb-adv-heading_86262f-7a\"], .kadence-advanced-heading-wrapper .kt-adv-heading_86262f-7a[data-kb-block=\"kb-adv-heading_86262f-7a\"]{text-align:center;font-size:36px;}@media all and (max-width: 767px){#kt-adv-heading_86262f-7a, #kt-adv-heading_86262f-7a .wp-block-kadence-advancedheading, .wp-block-kadence-advancedheading.kt-adv-heading_86262f-7a[data-kb-block=\"kb-adv-heading_86262f-7a\"], .kadence-advanced-heading-wrapper .kt-adv-heading_86262f-7a[data-kb-block=\"kb-adv-heading_86262f-7a\"]{font-size:18px;}}<\/style>\n<p class=\"kt-adv-heading_86262f-7a wp-block-kadence-advancedheading has-theme-palette-9-color has-text-color\" data-kb-block=\"kb-adv-heading_86262f-7a\">Wir sind uns der globalen Erw\u00e4rmung bewusst und erh\u00f6hen unsere Vorsichtsma\u00dfnahmen weiter<\/p>\n<\/div><\/div>\n<\/div><\/div>\n<\/div><\/div><\/div>\n\n\n<style id=\"kb-rowlayout_dbb268-f0\">#kt-layout-id_dbb268-f0 > .kt-row-column-wrap{max-width:60vw;margin-left:auto;margin-right:auto;}@media all and (max-width: 1024px){#kt-layout-id_dbb268-f0 > .kt-row-column-wrap{max-width:80vw;margin-left:auto;margin-right:auto;}}@media all and (max-width: 767px){#kt-layout-id_dbb268-f0 > .kt-row-column-wrap{max-width:90vw;margin-left:auto;margin-right:auto;}}<\/style>\n<div class=\"wp-block-kadence-rowlayout alignnone\"><div id=\"kt-layout-id_dbb268-f0\" class=\"kt-row-layout-inner kt-layout-id_dbb268-f0\"><div class=\"kt-row-column-wrap kt-has-1-columns kt-gutter-default kt-v-gutter-default kt-row-valign-top kt-row-layout-equal kt-tab-layout-inherit kt-m-colapse-left-to-right kt-mobile-layout-row\">\n<div class=\"wp-block-kadence-column inner-column-1 kadence-column_becd59-8c\"><div class=\"kt-inside-inner-col\"><style id=\"kb-advancedheading_c138e7-c3\">#kt-adv-heading_c138e7-c3, #kt-adv-heading_c138e7-c3 .wp-block-kadence-advancedheading, .wp-block-kadence-advancedheading.kt-adv-heading_c138e7-c3[data-kb-block=\"kb-adv-heading_c138e7-c3\"], .kadence-advanced-heading-wrapper .kt-adv-heading_c138e7-c3[data-kb-block=\"kb-adv-heading_c138e7-c3\"]{padding-bottom:2%;}<\/style>\n<h2 class=\"kt-adv-heading_c138e7-c3 wp-block-kadence-advancedheading\" data-kb-block=\"kb-adv-heading_c138e7-c3\">Moderne Landwirtschaft mildert die Auswirkungen der globalen Erw\u00e4rmung und der Klimakrise.<\/h2>\n\n\n\n<p>Die globale Erw\u00e4rmung, die gro\u00dfen Schaden anrichtet, birgt auch gro\u00dfe Bedrohungen f\u00fcr unsere Zukunft. Wir durchleben eine Zeit, in der es aufgrund des Klimaungleichgewichts, das durch die Sch\u00e4den durch die globale Erw\u00e4rmung unserer Welt verursacht wird, sehr schwierig ist, Getreide anzubauen, und wir erleben Erzeuger, die sogar den Anbau von Weizen im Gew\u00e4chshaus in Betracht ziehen. Was ist globale Erw\u00e4rmung? Diese Frage m\u00fcssen wir uns stellen. Die globale Erw\u00e4rmung ist das Ergebnis von Fluorkohlenwasserstoffgas, das von Fabriken ausgesto\u00dfen wird und eine unsichtbare Decke zwischen der Erde und den Sonnenstrahlen bildet. In Bezug auf die Folgen der globalen Erw\u00e4rmung bringt dies den Agrarsektor in gro\u00dfe Schwierigkeiten. Als Folge ihrer negativen Auswirkungen \u00e4ndert sich die Ordnung der Jahreszeiten und der Welt t\u00e4glich mehr und behindert die Aus\u00fcbung einer auf nat\u00fcrlichen Bedingungen basierenden Landwirtschaft. Durch die unkontrollierte Verwendung von Wasser und den Einsatz sch\u00e4dlicher Chemikalien schaden wir der menschlichen Gesundheit und machen die Folgen der globalen Erw\u00e4rmung st\u00e4rker sp\u00fcrbar. Die Wasserknappheit und D\u00fcrre, die Tag f\u00fcr Tag wirken, werden durch diese falsche und unbewusste Anbaumethode unvermeidlich. Wir haben ein sehr wirksames Material gegen die globale Erw\u00e4rmung; Moderne Landwirtschaft.<\/p>\n\n\n\n<p>Die moderne Landwirtschaft wird von vielen entwickelten L\u00e4ndern genutzt und mit Sorgfalt entwickelt, da sie in Bezug auf die Abh\u00e4ngigkeit von nat\u00fcrlichen Bedingungen viel langlebiger ist. Die Daten, die zeigen, dass das Massensterben als Folge der globalen Erw\u00e4rmung durchaus \u00fcblich sein kann, haben die Arbeit an der Nachhaltigkeit der modernen Landwirtschaft beschleunigt.<\/p>\n\n\n<style id=\"kb-advancedheading_01eb18-e3\">#kt-adv-heading_01eb18-e3, #kt-adv-heading_01eb18-e3 .wp-block-kadence-advancedheading, .wp-block-kadence-advancedheading.kt-adv-heading_01eb18-e3[data-kb-block=\"kb-adv-heading_01eb18-e3\"], .kadence-advanced-heading-wrapper .kt-adv-heading_01eb18-e3[data-kb-block=\"kb-adv-heading_01eb18-e3\"]{padding-bottom:2%;}<\/style>\n<h2 class=\"kt-adv-heading_01eb18-e3 wp-block-kadence-advancedheading\" data-kb-block=\"kb-adv-heading_01eb18-e3\">Was bringt uns die moderne Landwirtschaft?<\/h2>\n\n\n\n<p>Moderne Landwirtschaft wird nicht nur in der T\u00fcrkei, sondern auch in vielen europ\u00e4ischen L\u00e4ndern aufgrund seines Wasserverbrauchs, seiner Verwendung von D\u00fcngemitteln und Chemikalien bevorzugt, da es der Natur weniger sch\u00e4dliche Abf\u00e4lle hinterl\u00e4sst und sehr widerstandsf\u00e4hig gegen die Bedrohung durch die globale Erw\u00e4rmung ist.\n\nEin Kilogramm Tomaten braucht etwa 60 Liter Wasser, um auf den Tisch zu kommen. Jedes Kilogramm Tomate, das mit High-Tech-Hydrokulturtechnik angebaut wird, reduziert jedoch seinen Wasserbedarf auf 4 Liter.\n\nWenn wir alle angebauten Pflanzen und die Auswirkungen der modernen Landwirtschaft ber\u00fccksichtigen, kommen wir der Antwort darauf, wie wir die globale Erw\u00e4rmung und die Klimakrise verhindern k\u00f6nnen, n\u00e4her.<\/p>\n\n\n<style id=\"kb-advancedheading_d26c1f-5a\">#kt-adv-heading_d26c1f-5a, #kt-adv-heading_d26c1f-5a .wp-block-kadence-advancedheading, .wp-block-kadence-advancedheading.kt-adv-heading_d26c1f-5a[data-kb-block=\"kb-adv-heading_d26c1f-5a\"], .kadence-advanced-heading-wrapper .kt-adv-heading_d26c1f-5a[data-kb-block=\"kb-adv-heading_d26c1f-5a\"]{padding-bottom:2%;}<\/style>\n<h2 class=\"kt-adv-heading_d26c1f-5a wp-block-kadence-advancedheading\" data-kb-block=\"kb-adv-heading_d26c1f-5a\">Die zerst\u00f6rerischen Bedrohungen der globalen Erw\u00e4rmung und der Klimakrise<\/h2>\n\n\n\n<p>Die in allen Bereichen angewandten umweltfreundlichen Produktionsmethoden haben die negativen Folgen der globalen Erw\u00e4rmung noch verst\u00e4rkt. Die globale Erw\u00e4rmung verursacht eine Klimakrise und ver\u00e4ndert das Klimagleichgewicht der Welt Tag f\u00fcr Tag. Eine Durchschnittstemperatur von 21 Grad selbst an den Polen zu sehen, erinnert uns daran, wie viel Schaden wir der Welt, in der wir leben, zugef\u00fcgt haben.\n\n Schmelzende Gletscher, \u00fcberschwemmte Siedlungen, \u00dcberschwemmungen, starke Wirbelst\u00fcrme \u2026 All dies sind negative Auswirkungen der globalen Erw\u00e4rmung. Wenn wir die Welt, in der wir leben, ignorieren und uns ihr mit noch mehr falschen Methoden n\u00e4hern, haben wir am Ende des Tages vielleicht nicht einmal eine Welt, in der wir leben k\u00f6nnen.<\/p>\n\n\n\n<p>Naturfreundliche Ma\u00dfnahmen in allen Bereichen k\u00f6nnen diese erschreckenden Katastrophenszenarien verz\u00f6gern und verhindern. Obwohl wir als Einzelpersonen keinen gro\u00dfen positiven Einfluss auf die Welt haben, in der wir leben, k\u00f6nnen wir aus diesem Grund einen kleinen Einfluss aus\u00fcben, indem wir naturfreundliche Organisationen und Institutionen gegen die globale Erw\u00e4rmung unterst\u00fctzen.<\/p>\n\n\n<style id=\"kb-advancedheading_231998-79\">#kt-adv-heading_231998-79, #kt-adv-heading_231998-79 .wp-block-kadence-advancedheading, .wp-block-kadence-advancedheading.kt-adv-heading_231998-79[data-kb-block=\"kb-adv-heading_231998-79\"], .kadence-advanced-heading-wrapper .kt-adv-heading_231998-79[data-kb-block=\"kb-adv-heading_231998-79\"]{padding-bottom:2%;}<\/style>\n<h2 class=\"kt-adv-heading_231998-79 wp-block-kadence-advancedheading\" data-kb-block=\"kb-adv-heading_231998-79\">Welche Rolle spielt Gamze Tar\u0131m in der modernen Landwirtschaft?<\/h2>\n\n\n\n<p>Gamze Tar\u0131m zielt darauf ab, die Innovation in der modernen Landwirtschaft dauerhaft zu machen, indem Produzenten unterst\u00fctzt werden, die immer Produkte mit modernen landwirtschaftlichen Techniken anbauen. Es wendet positive Diskriminierung auf die mit modernen landwirtschaftlichen Techniken hergestellten Produkte und auf die Erzeuger an, die diese Techniken anwenden, und verschafft ihnen eine vorteilhafte Position.\n\nEs ebnet den Weg f\u00fcr den \u00dcbergang zur modernen Landwirtschaft, indem es unseren Landwirten, die traditionelle landwirtschaftliche Techniken anwenden, verschiedene Anreize bietet.<\/p>\n\n\n\n<p>Moderne Landwirtschaft schont niemals seine Unterst\u00fctzung f\u00fcr die Produzenten, um mit seinen Teams vor Ort das richtige und gesunde Produkt zu erhalten. Diese Institution, die es sich zur Aufgabe macht, positive Auswirkungen auf den Sektor zu erzielen, indem sie die Erzeuger \u00fcber die Verwendung von Wasser, D\u00fcngemitteln und Pestiziden gem\u00e4\u00df den Weltstandards aufkl\u00e4rt, tut ihr Bestes, um die Welt, in der wir leben, zu retten und zu schaffen lebenswerter.<\/p>\n<\/div><\/div>\n<\/div><\/div><\/div>","protected":false},"excerpt":{"rendered":"<p>Modern Tar\u0131m, K\u00fcresel Is\u0131nma ve \u0130klim Krizinin Etkisini Hafifletiyor K\u00fcresel Is\u0131nma, ya\u015fad\u0131\u011f\u0131m\u0131z d\u00fcnyaya zarar verip gelece\u011fimiz i\u00e7in tehditler yarat\u0131yor. \u00dcr\u00fcn yeti\u015ftirmenin \u00e7ok zor oldu\u011fu bir d\u00f6nemden ge\u00e7iyoruz, hatta bu\u011fday\u0131 bile \u00f6rt\u00fc alt\u0131 yeti\u015ftiricilikle yeti\u015ftirmeyi d\u00fc\u015f\u00fcnen \u00fcreticilere \u015fahit oluyoruz. Mevsimlerin ve d\u00fcnyan\u0131n d\u00fczeni her ge\u00e7en g\u00fcn de\u011fi\u015fip, k\u00f6t\u00fcye gidiyor. Geleneksel \u00fcretim teknikleri, kontrols\u00fcz su kullan\u0131m\u0131 ve&#8230;<\/p>","protected":false},"author":1,"featured_media":0,"parent":0,"menu_order":0,"comment_status":"closed","ping_status":"closed","template":"","meta":{"_kad_post_transparent":"","_kad_post_title":"","_kad_post_layout":"","_kad_post_sidebar_id":"","_kad_post_content_style":"","_kad_post_vertical_padding":"","_kad_post_feature":"","_kad_post_feature_position":"","_kad_post_header":false,"_kad_post_footer":false},"uagb_featured_image_src":{"full":false,"thumbnail":false,"medium":false,"medium_large":false,"large":false,"1536x1536":false,"2048x2048":false,"trp-custom-language-flag":false},"uagb_author_info":{"display_name":"gamzetarim","author_link":"https:\/\/gamzetarim.com\/de\/author\/gamzetarim\/"},"uagb_comment_info":0,"uagb_excerpt":"Modern Tar\u0131m, K\u00fcresel Is\u0131nma ve \u0130klim Krizinin Etkisini Hafifletiyor K\u00fcresel Is\u0131nma, ya\u015fad\u0131\u011f\u0131m\u0131z d\u00fcnyaya zarar verip gelece\u011fimiz i\u00e7in tehditler yarat\u0131yor. \u00dcr\u00fcn yeti\u015ftirmenin \u00e7ok zor oldu\u011fu bir d\u00f6nemden ge\u00e7iyoruz, hatta bu\u011fday\u0131 bile \u00f6rt\u00fc alt\u0131 yeti\u015ftiricilikle yeti\u015ftirmeyi d\u00fc\u015f\u00fcnen \u00fcreticilere \u015fahit oluyoruz. Mevsimlerin ve d\u00fcnyan\u0131n d\u00fczeni her ge\u00e7en g\u00fcn de\u011fi\u015fip, k\u00f6t\u00fcye gidiyor. Geleneksel \u00fcretim teknikleri, kontrols\u00fcz su kullan\u0131m\u0131 ve...","_links":{"self":[{"href":"https:\/\/gamzetarim.com\/de\/wp-json\/wp\/v2\/pages\/983"}],"collection":[{"href":"https:\/\/gamzetarim.com\/de\/wp-json\/wp\/v2\/pages"}],"about":[{"href":"https:\/\/gamzetarim.com\/de\/wp-json\/wp\/v2\/types\/page"}],"author":[{"embeddable":true,"href":"https:\/\/gamzetarim.com\/de\/wp-json\/wp\/v2\/users\/1"}],"replies":[{"embeddable":true,"href":"https:\/\/gamzetarim.com\/de\/wp-json\/wp\/v2\/comments?post=983"}],"version-history":[{"count":18,"href":"https:\/\/gamzetarim.com\/de\/wp-json\/wp\/v2\/pages\/983\/revisions"}],"predecessor-version":[{"id":1444,"href":"https:\/\/gamzetarim.com\/de\/wp-json\/wp\/v2\/pages\/983\/revisions\/1444"}],"wp:attachment":[{"href":"https:\/\/gamzetarim.com\/de\/wp-json\/wp\/v2\/media?parent=983"}],"curies":[{"name":"wp","href":"https:\/\/api.w.org\/{rel}","templated":true}]}}