{"id":13,"date":"2022-07-04T15:19:19","date_gmt":"2022-07-04T12:19:19","guid":{"rendered":"https:\/\/gamzetarim.com\/?page_id=13"},"modified":"2022-08-09T11:42:52","modified_gmt":"2022-08-09T08:42:52","slug":"iletisim","status":"publish","type":"page","link":"https:\/\/gamzetarim.com\/de\/iletisim\/","title":{"rendered":"Kontakt"},"content":{"rendered":"<style id=\"kb-rowlayout_dd7a0e-b5\">#kt-layout-id_dd7a0e-b5 > .kt-row-column-wrap{padding-top:0px;}<\/style>\n<div class=\"wp-block-kadence-rowlayout alignnone\"><div id=\"kt-layout-id_dd7a0e-b5\" class=\"kt-row-layout-inner kt-layout-id_dd7a0e-b5\"><div class=\"kt-row-column-wrap kt-has-1-columns kt-gutter-default kt-v-gutter-default kt-row-valign-top kt-row-layout-equal kt-tab-layout-inherit kt-m-colapse-left-to-right kt-mobile-layout-row\">\n<div class=\"wp-block-kadence-column inner-column-1 kadence-column_955a3c-0a\"><div class=\"kt-inside-inner-col\">\n<div class=\"wp-block-cover alignfull is-light is-position-center-center\" style=\"min-height:80vh\"><span aria-hidden=\"true\" class=\"wp-block-cover__background has-theme-palette-3-background-color has-background-dim\"><\/span><img loading=\"lazy\" width=\"1920\" height=\"1276\" class=\"wp-block-cover__image-background wp-image-406\" alt=\"\" src=\"https:\/\/gamzetarim.com\/wp-content\/uploads\/2022\/07\/Kapak.jpeg\" data-object-fit=\"cover\" srcset=\"https:\/\/gamzetarim.com\/wp-content\/uploads\/2022\/07\/Kapak.jpeg 1920w, https:\/\/gamzetarim.com\/wp-content\/uploads\/2022\/07\/Kapak-300x199.jpeg 300w, https:\/\/gamzetarim.com\/wp-content\/uploads\/2022\/07\/Kapak-1024x681.jpeg 1024w, https:\/\/gamzetarim.com\/wp-content\/uploads\/2022\/07\/Kapak-768x510.jpeg 768w, https:\/\/gamzetarim.com\/wp-content\/uploads\/2022\/07\/Kapak-1536x1021.jpeg 1536w\" sizes=\"(max-width: 1920px) 100vw, 1920px\" \/><div class=\"wp-block-cover__inner-container\"><style id=\"kb-advancedheading_c4b812-72\">#kt-adv-heading_c4b812-72, #kt-adv-heading_c4b812-72 .wp-block-kadence-advancedheading, .wp-block-kadence-advancedheading.kt-adv-heading_c4b812-72[data-kb-block=\"kb-adv-heading_c4b812-72\"], .kadence-advanced-heading-wrapper .kt-adv-heading_c4b812-72[data-kb-block=\"kb-adv-heading_c4b812-72\"]{text-align:center;font-size:64px;}@media all and (max-width: 767px){#kt-adv-heading_c4b812-72, #kt-adv-heading_c4b812-72 .wp-block-kadence-advancedheading, .wp-block-kadence-advancedheading.kt-adv-heading_c4b812-72[data-kb-block=\"kb-adv-heading_c4b812-72\"], .kadence-advanced-heading-wrapper .kt-adv-heading_c4b812-72[data-kb-block=\"kb-adv-heading_c4b812-72\"]{font-size:42px;}}<\/style>\n<h1 class=\"kt-adv-heading_c4b812-72 wp-block-kadence-advancedheading has-theme-palette-9-color has-text-color\" data-kb-block=\"kb-adv-heading_c4b812-72\">Kontaktieren Sie uns<\/h1>\n\n\n<style id=\"kb-advancedheading_1bec8b-4c\">#kt-adv-heading_1bec8b-4c, #kt-adv-heading_1bec8b-4c .wp-block-kadence-advancedheading, .wp-block-kadence-advancedheading.kt-adv-heading_1bec8b-4c[data-kb-block=\"kb-adv-heading_1bec8b-4c\"], .kadence-advanced-heading-wrapper .kt-adv-heading_1bec8b-4c[data-kb-block=\"kb-adv-heading_1bec8b-4c\"]{text-align:center;font-size:36px;}@media all and (max-width: 767px){#kt-adv-heading_1bec8b-4c, #kt-adv-heading_1bec8b-4c .wp-block-kadence-advancedheading, .wp-block-kadence-advancedheading.kt-adv-heading_1bec8b-4c[data-kb-block=\"kb-adv-heading_1bec8b-4c\"], .kadence-advanced-heading-wrapper .kt-adv-heading_1bec8b-4c[data-kb-block=\"kb-adv-heading_1bec8b-4c\"]{font-size:18px;}}<\/style>\n<p class=\"kt-adv-heading_1bec8b-4c wp-block-kadence-advancedheading has-theme-palette-9-color has-text-color\" data-kb-block=\"kb-adv-heading_1bec8b-4c\">Rufen Sie uns an f\u00fcr Fragen, Beratung oder Zusammenarbeit.<\/p>\n<\/div><\/div>\n<\/div><\/div>\n<\/div><\/div><\/div>\n\n\n<style id=\"kb-rowlayout_4517ef-d8\">#kt-layout-id_4517ef-d8 > .kt-row-column-wrap{padding-top:2%;padding-bottom:2%;padding-left:5%;padding-right:5%;}<\/style>\n<div class=\"wp-block-kadence-rowlayout alignnone\"><div id=\"kt-layout-id_4517ef-d8\" class=\"kt-row-layout-inner kt-layout-id_4517ef-d8\"><div class=\"kt-row-column-wrap kt-has-2-columns kt-gutter-wide kt-v-gutter-default kt-row-valign-top kt-row-layout-equal kt-tab-layout-inherit kt-m-colapse-left-to-right kt-mobile-layout-row\">\n<div class=\"wp-block-kadence-column inner-column-1 kadence-column_a6b7c8-28\"><div class=\"kt-inside-inner-col\"><style id=\"kb-advancedheading_95e9f1-76\">#kt-adv-heading_95e9f1-76, #kt-adv-heading_95e9f1-76 .wp-block-kadence-advancedheading, .wp-block-kadence-advancedheading.kt-adv-heading_95e9f1-76[data-kb-block=\"kb-adv-heading_95e9f1-76\"], .kadence-advanced-heading-wrapper .kt-adv-heading_95e9f1-76[data-kb-block=\"kb-adv-heading_95e9f1-76\"]{font-size:30px;}<\/style>\n<h3 class=\"kt-adv-heading_95e9f1-76 wp-block-kadence-advancedheading\" data-kb-block=\"kb-adv-heading_95e9f1-76\">Schneller Kontakt<\/h3>\n\n\n\n<p>Sie k\u00f6nnen alles, was Sie denken, offen mit uns teilen, indem Sie sich mit unserem Home Office verbinden oder es besuchen. Wir helfen Ihnen gerne weiter.<\/p>\n\n\n<style id=\"kb-rowlayout_c3da36-a9\">#kt-layout-id_c3da36-a9 > .kt-row-column-wrap{padding-top:0%;padding-bottom:0%;padding-left:0%;padding-right:0%;}<\/style>\n<div class=\"wp-block-kadence-rowlayout aligncenter\"><div id=\"kt-layout-id_c3da36-a9\" class=\"kt-row-layout-inner kt-layout-id_c3da36-a9\"><div class=\"kt-row-column-wrap kt-has-2-columns kt-gutter-default kt-v-gutter-default kt-row-valign-top kt-row-layout-equal kt-tab-layout-inherit kt-m-colapse-left-to-right kt-mobile-layout-row\"><style id=\"kb-column_aa011a-d9\">.kadence-column_aa011a-d9{text-align:center;}<\/style>\n<div class=\"wp-block-kadence-column inner-column-1 kadence-column_aa011a-d9\"><div class=\"kt-inside-inner-col\"><style id=\"kb-advancedheading_700fb1-de\">#kt-adv-heading_700fb1-de, #kt-adv-heading_700fb1-de .wp-block-kadence-advancedheading, .wp-block-kadence-advancedheading.kt-adv-heading_700fb1-de[data-kb-block=\"kb-adv-heading_700fb1-de\"], .kadence-advanced-heading-wrapper .kt-adv-heading_700fb1-de[data-kb-block=\"kb-adv-heading_700fb1-de\"]{text-align:left;font-size:20px;}<\/style>\n<h3 class=\"kt-adv-heading_700fb1-de wp-block-kadence-advancedheading has-theme-palette-3-color has-text-color\" data-kb-block=\"kb-adv-heading_700fb1-de\">Gamze Tar\u0131m Ana Merkez<\/h3>\n\n\n<style id=\"kb-advancedheading_500dae-a7\">#kt-adv-heading_500dae-a7, #kt-adv-heading_500dae-a7 .wp-block-kadence-advancedheading, .wp-block-kadence-advancedheading.kt-adv-heading_500dae-a7[data-kb-block=\"kb-adv-heading_500dae-a7\"], .kadence-advanced-heading-wrapper .kt-adv-heading_500dae-a7[data-kb-block=\"kb-adv-heading_500dae-a7\"]{text-align:left;font-size:18px;}<\/style>\n<p class=\"kt-adv-heading_500dae-a7 wp-block-kadence-advancedheading\" data-kb-block=\"kb-adv-heading_500dae-a7\">G\u00fcne\u015f Mahallesi, Ya\u015f Sebze ve Meyve Toptanc\u0131 Hali, Numara: 674<br>Kepez \/ Antalya<br>07510<\/p>\n<\/div><\/div>\n\n\n\n<div class=\"wp-block-kadence-column inner-column-2 kadence-column_e487b6-55\"><div class=\"kt-inside-inner-col\"><style id=\"kb-advancedheading_015b6f-fd\">#kt-adv-heading_015b6f-fd, #kt-adv-heading_015b6f-fd .wp-block-kadence-advancedheading, .wp-block-kadence-advancedheading.kt-adv-heading_015b6f-fd[data-kb-block=\"kb-adv-heading_015b6f-fd\"], .kadence-advanced-heading-wrapper .kt-adv-heading_015b6f-fd[data-kb-block=\"kb-adv-heading_015b6f-fd\"]{text-align:left;font-size:20px;}<\/style>\n<h3 class=\"kt-adv-heading_015b6f-fd wp-block-kadence-advancedheading has-theme-palette-3-color has-text-color\" data-kb-block=\"kb-adv-heading_015b6f-fd\">Gamze Tar\u0131m \u00dcretim ve Paketleme Tesisleri<\/h3>\n\n\n<style id=\"kb-advancedheading_75dfc7-3f\">#kt-adv-heading_75dfc7-3f, #kt-adv-heading_75dfc7-3f .wp-block-kadence-advancedheading, .wp-block-kadence-advancedheading.kt-adv-heading_75dfc7-3f[data-kb-block=\"kb-adv-heading_75dfc7-3f\"], .kadence-advanced-heading-wrapper .kt-adv-heading_75dfc7-3f[data-kb-block=\"kb-adv-heading_75dfc7-3f\"]{text-align:left;font-size:18px;}<\/style>\n<p class=\"kt-adv-heading_75dfc7-3f wp-block-kadence-advancedheading\" data-kb-block=\"kb-adv-heading_75dfc7-3f\">S\u00f6\u011f\u00fct-Pazar Mahallesi, Gamze Tar\u0131m \u00dcr\u00fcnleri Paketleme Tesisi<br>\u00c7avd\u0131r \/ Burdur<br>15902<\/p>\n<\/div><\/div>\n<\/div><\/div><\/div>\n\n\n<style id=\"kb-rowlayout_8338af-17\">#kt-layout-id_8338af-17 > .kt-row-column-wrap{padding-top:3%;padding-bottom:0%;padding-left:0%;padding-right:0%;}<\/style>\n<div class=\"wp-block-kadence-rowlayout aligncenter\"><div id=\"kt-layout-id_8338af-17\" class=\"kt-row-layout-inner kt-layout-id_8338af-17\"><div class=\"kt-row-column-wrap kt-has-1-columns kt-gutter-default kt-v-gutter-default kt-row-valign-top kt-row-layout-equal kt-tab-layout-inherit kt-m-colapse-left-to-right kt-mobile-layout-row\">\n<div class=\"wp-block-kadence-column inner-column-3 kadence-column_da5cba-13\"><div class=\"kt-inside-inner-col\"><style id=\"kb-advancedheading_e305cc-27\">#kt-adv-heading_e305cc-27, #kt-adv-heading_e305cc-27 .wp-block-kadence-advancedheading, .wp-block-kadence-advancedheading.kt-adv-heading_e305cc-27[data-kb-block=\"kb-adv-heading_e305cc-27\"], .kadence-advanced-heading-wrapper .kt-adv-heading_e305cc-27[data-kb-block=\"kb-adv-heading_e305cc-27\"]{text-align:left;font-size:20px;}<\/style>\n<h3 class=\"kt-adv-heading_e305cc-27 wp-block-kadence-advancedheading has-theme-palette-3-color has-text-color\" data-kb-block=\"kb-adv-heading_e305cc-27\">Gamze Tar\u0131m Cennet Meyvesi <br>\u00dcretim\u0130 ve Kurutma Entegre Tesisleri<\/h3>\n\n\n<style id=\"kb-advancedheading_9fa103-be\">#kt-adv-heading_9fa103-be, #kt-adv-heading_9fa103-be .wp-block-kadence-advancedheading, .wp-block-kadence-advancedheading.kt-adv-heading_9fa103-be[data-kb-block=\"kb-adv-heading_9fa103-be\"], .kadence-advanced-heading-wrapper .kt-adv-heading_9fa103-be[data-kb-block=\"kb-adv-heading_9fa103-be\"]{text-align:left;font-size:18px;}<\/style>\n<p class=\"kt-adv-heading_9fa103-be wp-block-kadence-advancedheading\" data-kb-block=\"kb-adv-heading_9fa103-be\">Karaburun K\u00f6y\u00fc, K\u00fcme Evler, <br>Numara: 319<br>G\u00f6lba\u015f\u0131 \/ Ad\u0131yaman<br>02502<\/p>\n<\/div><\/div>\n<\/div><\/div><\/div>\n<\/div><\/div>\n\n\n\n<div class=\"wp-block-kadence-column inner-column-2 kadence-column_e34035-19\"><div class=\"kt-inside-inner-col\"><div class='fluentform fluentform_wrapper_1  ff_guten_block'><form data-form_id=\"1\" id=\"fluentform_1\" class=\"frm-fluent-form fluent_form_1 ff-el-form-top ff_form_instance_1_1 ff-form-loading\" data-form_instance=\"ff_form_instance_1_1\" method=\"POST\" action=\"\" ><input type='hidden' name='__fluent_form_embded_post_id' value='13' \/><input type=\"hidden\" id=\"_fluentform_1_fluentformnonce\" name=\"_fluentform_1_fluentformnonce\" value=\"0270e927a8\" \/><input type=\"hidden\" name=\"_wp_http_referer\" value=\"\/de\/wp-json\/wp\/v2\/pages\/13\" \/><div data-type=\"name-element\" data-name=\"names\" class=\"ff-field_container ff-name-field-wrapper {color: #85B935]\" ><div class='ff-t-container'><div class='ff-t-cell'><div class='ff-el-group'><div class='ff-el-input--label ff-el-is-required asterisk-right'><label for='ff_1_names_first_name_'>Name<\/label> <\/div><div class='ff-el-input--content'><input type=\"text\" name=\"names[first_name]\" id=\"ff_1_names_first_name_\" class=\"ff-el-form-control\" placeholder=\"Name\" ><\/div><\/div><\/div><div class='ff-t-cell'><div class='ff-el-group'><div class='ff-el-input--label ff-el-is-required asterisk-right'><label for='ff_1_names_last_name_'>Familienname<\/label> <\/div><div class='ff-el-input--content'><input type=\"text\" name=\"names[last_name]\" id=\"ff_1_names_last_name_\" class=\"ff-el-form-control\" placeholder=\"Familienname\" ><\/div><\/div><\/div><\/div><\/div><div class='ff-el-group'><div class='ff-el-input--label ff-el-is-required asterisk-right'><label for='ff_1_email'>E-Mail<\/label> <\/div><div class='ff-el-input--content'><input type=\"email\" name=\"email\" id=\"ff_1_email\" class=\"ff-el-form-control\" placeholder=\"E-Mail\" data-name=\"email\" ><\/div><\/div><div class='ff-el-group ff-el-form-top'><div class='ff-el-input--label asterisk-right'><label for='ff_1_subject'>Thema<\/label> <\/div><div class='ff-el-input--content'><input type=\"text\" name=\"subject\" class=\"ff-el-form-control\" placeholder=\"Thema\" data-name=\"subject\" id=\"ff_1_subject\" ><\/div><\/div><div class='ff-el-group'><div class='ff-el-input--label ff-el-is-required asterisk-right'><label for='ff_1_message'>Meldung<\/label> <\/div><div class='ff-el-input--content'><textarea name=\"message\" id=\"ff_1_message\" class=\"ff-el-form-control\" placeholder=\"Meldung\" rows=\"4\" cols=\"2\" data-name=\"message\" ><\/textarea><\/div><\/div><div class='ff-el-group ff-text-left ff_submit_btn_wrapper'><button type=\"submit\" class=\"ff-btn ff-btn-submit ff-btn-lg ff_btn_style wpf_has_custom_css\" >Submit<\/button><\/div><input type=\"hidden\" name=\"trp-form-language\" value=\"de\"\/><\/form><div id='fluentform_1_errors' class='ff-errors-in-stack ff_form_instance_1_1 ff-form-loading_errors ff_form_instance_1_1_errors'><\/div><\/div>        <script type=\"text\/javascript\">\n            window.fluent_form_ff_form_instance_1_1 = {\"id\":\"1\",\"settings\":{\"layout\":{\"labelPlacement\":\"top\",\"helpMessagePlacement\":\"with_label\",\"errorMessagePlacement\":\"inline\",\"cssClassName\":\"\",\"asteriskPlacement\":\"asterisk-right\"},\"restrictions\":{\"denyEmptySubmission\":{\"enabled\":false}}},\"form_instance\":\"ff_form_instance_1_1\",\"form_id_selector\":\"fluentform_1\",\"rules\":{\"names[first_name]\":{\"required\":{\"value\":true,\"message\":\"Bu alan\\u0131n doldurulmas\\u0131 zorunludur.\"}},\"names[middle_name]\":{\"required\":{\"value\":false,\"message\":\"This field is required\"}},\"names[last_name]\":{\"required\":{\"value\":true,\"message\":\"Bu alan\\u0131n doldurulmas\\u0131 zorunludur.\"}},\"email\":{\"required\":{\"value\":true,\"message\":\"Bu alan\\u0131n doldurulmas\\u0131 zorunludur.\"},\"email\":{\"value\":true,\"message\":\"L\\u00fctfen ge\\u00e7erli bir e-posta adresi girin.\"}},\"subject\":{\"required\":{\"value\":false,\"message\":\"This field is required\"}},\"message\":{\"required\":{\"value\":true,\"message\":\"Bu alan\\u0131n doldurulmas\\u0131 zorunludur.\"}}}};\n                    <\/script>\n        <\/div><\/div>\n<\/div><\/div><\/div>","protected":false},"excerpt":{"rendered":"<p>H\u0131zl\u0131 \u0130leti\u015fim Ana merkezimize ba\u011flanarak veya ziyaret ederek akl\u0131n\u0131zdaki her \u015feyi a\u00e7\u0131k\u00e7a bizimle payla\u015fabilirsiniz. Size yard\u0131mc\u0131 olmaktan memnuniyet duyar\u0131z. Gamze Tar\u0131m Ana Merkez G\u00fcne\u015f Mahallesi, Ya\u015f Sebze ve Meyve Toptanc\u0131 Hali, Numara: 674Kepez \/ Antalya07510 Gamze Tar\u0131m \u00dcretim ve Paketleme Tesisleri S\u00f6\u011f\u00fct-Pazar Mahallesi, Gamze Tar\u0131m \u00dcr\u00fcnleri Paketleme Tesisi\u00c7avd\u0131r \/ Burdur15902 Gamze Tar\u0131m Cennet Meyvesi \u00dcretim\u0130&#8230;<\/p>","protected":false},"author":1,"featured_media":0,"parent":0,"menu_order":0,"comment_status":"closed","ping_status":"closed","template":"","meta":{"_kad_post_transparent":"","_kad_post_title":"","_kad_post_layout":"","_kad_post_sidebar_id":"","_kad_post_content_style":"","_kad_post_vertical_padding":"","_kad_post_feature":"","_kad_post_feature_position":"","_kad_post_header":false,"_kad_post_footer":false},"uagb_featured_image_src":{"full":false,"thumbnail":false,"medium":false,"medium_large":false,"large":false,"1536x1536":false,"2048x2048":false,"trp-custom-language-flag":false},"uagb_author_info":{"display_name":"gamzetarim","author_link":"https:\/\/gamzetarim.com\/de\/author\/gamzetarim\/"},"uagb_comment_info":0,"uagb_excerpt":"H\u0131zl\u0131 \u0130leti\u015fim Ana merkezimize ba\u011flanarak veya ziyaret ederek akl\u0131n\u0131zdaki her \u015feyi a\u00e7\u0131k\u00e7a bizimle payla\u015fabilirsiniz. Size yard\u0131mc\u0131 olmaktan memnuniyet duyar\u0131z. Gamze Tar\u0131m Ana Merkez G\u00fcne\u015f Mahallesi, Ya\u015f Sebze ve Meyve Toptanc\u0131 Hali, Numara: 674Kepez \/ Antalya07510 Gamze Tar\u0131m \u00dcretim ve Paketleme Tesisleri S\u00f6\u011f\u00fct-Pazar Mahallesi, Gamze Tar\u0131m \u00dcr\u00fcnleri Paketleme Tesisi\u00c7avd\u0131r \/ Burdur15902 Gamze Tar\u0131m Cennet Meyvesi \u00dcretim\u0130...","_links":{"self":[{"href":"https:\/\/gamzetarim.com\/de\/wp-json\/wp\/v2\/pages\/13"}],"collection":[{"href":"https:\/\/gamzetarim.com\/de\/wp-json\/wp\/v2\/pages"}],"about":[{"href":"https:\/\/gamzetarim.com\/de\/wp-json\/wp\/v2\/types\/page"}],"author":[{"embeddable":true,"href":"https:\/\/gamzetarim.com\/de\/wp-json\/wp\/v2\/users\/1"}],"replies":[{"embeddable":true,"href":"https:\/\/gamzetarim.com\/de\/wp-json\/wp\/v2\/comments?post=13"}],"version-history":[{"count":44,"href":"https:\/\/gamzetarim.com\/de\/wp-json\/wp\/v2\/pages\/13\/revisions"}],"predecessor-version":[{"id":1439,"href":"https:\/\/gamzetarim.com\/de\/wp-json\/wp\/v2\/pages\/13\/revisions\/1439"}],"wp:attachment":[{"href":"https:\/\/gamzetarim.com\/de\/wp-json\/wp\/v2\/media?parent=13"}],"curies":[{"name":"wp","href":"https:\/\/api.w.org\/{rel}","templated":true}]}}