{"id":1198,"date":"2022-07-21T15:07:48","date_gmt":"2022-07-21T12:07:48","guid":{"rendered":"https:\/\/gamzetarim.com\/?page_id=1198"},"modified":"2022-08-09T11:50:21","modified_gmt":"2022-08-09T08:50:21","slug":"tedarik-zincirinin-butun-halkalarinda-dogru-kisilerleyiz","status":"publish","type":"page","link":"https:\/\/gamzetarim.com\/de\/tedarik-zincirinin-butun-halkalarinda-dogru-kisilerleyiz\/","title":{"rendered":"Wir sind mit den richtigen Leuten in allen Gliedern der Lieferkette zusammen"},"content":{"rendered":"<style id=\"kb-rowlayout_22458d-51\">#kt-layout-id_22458d-51 > .kt-row-column-wrap{padding-top:0px;padding-bottom:0px;}<\/style>\n<div class=\"wp-block-kadence-rowlayout alignnone\"><div id=\"kt-layout-id_22458d-51\" class=\"kt-row-layout-inner kt-layout-id_22458d-51\"><div class=\"kt-row-column-wrap kt-has-1-columns kt-gutter-default kt-v-gutter-default kt-row-valign-top kt-row-layout-equal kt-tab-layout-inherit kt-m-colapse-left-to-right kt-mobile-layout-row\">\n<div class=\"wp-block-kadence-column inner-column-1 kadence-column_636cd7-53\"><div class=\"kt-inside-inner-col\">\n<div class=\"wp-block-cover alignwide is-position-center-center\" style=\"min-height:70vh\"><span aria-hidden=\"true\" class=\"wp-block-cover__background has-background-dim-70 has-background-dim\" style=\"background-color:#171717\"><\/span><img loading=\"lazy\" width=\"1920\" height=\"1080\" class=\"wp-block-cover__image-background wp-image-871\" alt=\"\" src=\"https:\/\/gamzetarim.com\/wp-content\/uploads\/2022\/07\/Third-Pic.webp\" data-object-fit=\"cover\" srcset=\"https:\/\/gamzetarim.com\/wp-content\/uploads\/2022\/07\/Third-Pic.webp 1920w, https:\/\/gamzetarim.com\/wp-content\/uploads\/2022\/07\/Third-Pic-300x169.webp 300w, https:\/\/gamzetarim.com\/wp-content\/uploads\/2022\/07\/Third-Pic-1024x576.webp 1024w, https:\/\/gamzetarim.com\/wp-content\/uploads\/2022\/07\/Third-Pic-768x432.webp 768w, https:\/\/gamzetarim.com\/wp-content\/uploads\/2022\/07\/Third-Pic-1536x864.webp 1536w\" sizes=\"(max-width: 1920px) 100vw, 1920px\" \/><div class=\"wp-block-cover__inner-container\"><style id=\"kb-advancedheading_96a590-e6\">#kt-adv-heading_96a590-e6, #kt-adv-heading_96a590-e6 .wp-block-kadence-advancedheading, .wp-block-kadence-advancedheading.kt-adv-heading_96a590-e6[data-kb-block=\"kb-adv-heading_96a590-e6\"], .kadence-advanced-heading-wrapper .kt-adv-heading_96a590-e6[data-kb-block=\"kb-adv-heading_96a590-e6\"]{text-align:center;font-size:64px;}@media all and (max-width: 767px){#kt-adv-heading_96a590-e6, #kt-adv-heading_96a590-e6 .wp-block-kadence-advancedheading, .wp-block-kadence-advancedheading.kt-adv-heading_96a590-e6[data-kb-block=\"kb-adv-heading_96a590-e6\"], .kadence-advanced-heading-wrapper .kt-adv-heading_96a590-e6[data-kb-block=\"kb-adv-heading_96a590-e6\"]{font-size:42px;}}<\/style>\n<h2 class=\"kt-adv-heading_96a590-e6 o-typing-slower wp-block-kadence-advancedheading\" data-kb-block=\"kb-adv-heading_96a590-e6\">Lieferkette<\/h2>\n\n\n<style id=\"kb-advancedheading_3f4a71-69\">#kt-adv-heading_3f4a71-69, #kt-adv-heading_3f4a71-69 .wp-block-kadence-advancedheading, .wp-block-kadence-advancedheading.kt-adv-heading_3f4a71-69[data-kb-block=\"kb-adv-heading_3f4a71-69\"], .kadence-advanced-heading-wrapper .kt-adv-heading_3f4a71-69[data-kb-block=\"kb-adv-heading_3f4a71-69\"]{text-align:center;font-size:36px;}@media all and (max-width: 767px){#kt-adv-heading_3f4a71-69, #kt-adv-heading_3f4a71-69 .wp-block-kadence-advancedheading, .wp-block-kadence-advancedheading.kt-adv-heading_3f4a71-69[data-kb-block=\"kb-adv-heading_3f4a71-69\"], .kadence-advanced-heading-wrapper .kt-adv-heading_3f4a71-69[data-kb-block=\"kb-adv-heading_3f4a71-69\"]{font-size:18px;}}<\/style>\n<p class=\"kt-adv-heading_3f4a71-69 wp-block-kadence-advancedheading has-theme-palette-9-color has-text-color\" data-kb-block=\"kb-adv-heading_3f4a71-69\"><strong>Wir sind mit den richtigen Leuten in allen Gliedern der Lieferkette zusammen<\/strong><\/p>\n<\/div><\/div>\n<\/div><\/div>\n<\/div><\/div><\/div>\n\n\n<style id=\"kb-rowlayout_a0972a-83\">#kt-layout-id_a0972a-83 > .kt-row-column-wrap{max-width:60vw;margin-left:auto;margin-right:auto;}@media all and (max-width: 1024px){#kt-layout-id_a0972a-83 > .kt-row-column-wrap{max-width:80vw;margin-left:auto;margin-right:auto;}}@media all and (max-width: 767px){#kt-layout-id_a0972a-83 > .kt-row-column-wrap{max-width:90vw;margin-left:auto;margin-right:auto;}}<\/style>\n<div class=\"wp-block-kadence-rowlayout alignnone\"><div id=\"kt-layout-id_a0972a-83\" class=\"kt-row-layout-inner kt-layout-id_a0972a-83\"><div class=\"kt-row-column-wrap kt-has-1-columns kt-gutter-default kt-v-gutter-default kt-row-valign-top kt-row-layout-equal kt-tab-layout-inherit kt-m-colapse-left-to-right kt-mobile-layout-row\">\n<div class=\"wp-block-kadence-column inner-column-1 kadence-column_558afe-ee\"><div class=\"kt-inside-inner-col\"><style id=\"kb-advancedheading_312f31-a0\">#kt-adv-heading_312f31-a0, #kt-adv-heading_312f31-a0 .wp-block-kadence-advancedheading, .wp-block-kadence-advancedheading.kt-adv-heading_312f31-a0[data-kb-block=\"kb-adv-heading_312f31-a0\"], .kadence-advanced-heading-wrapper .kt-adv-heading_312f31-a0[data-kb-block=\"kb-adv-heading_312f31-a0\"]{padding-bottom:2%;}<\/style>\n<h2 class=\"kt-adv-heading_312f31-a0 wp-block-kadence-advancedheading\" data-kb-block=\"kb-adv-heading_312f31-a0\">Lieferkette ist ein untrennbares Ganzes!<\/h2>\n\n\n\n<p>Die Lieferkette ist ein Prozess, der die Lieferung des Produkts vom Produzenten zum Verbraucher umfasst. Es umfasst alle Stufen von der Produktionsphase eines Produkts bis zum Endverbraucher. Heute haben alle m\u00e4chtigen Unternehmen, die auf der ganzen Welt Marken haben, eine starke Lieferkette. Gamze Tar\u0131m hat es sich zur Aufgabe gemacht, die Macht und Integrit\u00e4t in dieser Kette zu sch\u00fctzen. Von der Produktionsphase, die den Beginn der Kette darstellt, \u00fcber die Verpackung, die Lagerung bis hin zur Logistik; offenbart seine Sicherheit in jedem Glied der Lieferkette.<\/p>\n\n\n<style id=\"kb-advancedheading_b529ab-bb\">#kt-adv-heading_b529ab-bb, #kt-adv-heading_b529ab-bb .wp-block-kadence-advancedheading, .wp-block-kadence-advancedheading.kt-adv-heading_b529ab-bb[data-kb-block=\"kb-adv-heading_b529ab-bb\"], .kadence-advanced-heading-wrapper .kt-adv-heading_b529ab-bb[data-kb-block=\"kb-adv-heading_b529ab-bb\"]{padding-bottom:2%;}<\/style>\n<h2 class=\"kt-adv-heading_b529ab-bb wp-block-kadence-advancedheading\" data-kb-block=\"kb-adv-heading_b529ab-bb\">Jedes Glied der Kette ist in sicheren H\u00e4nden.<\/h2>\n\n\n\n<p>Alle Arten von Ressourcen und Komponenten, die an allen Aktivit\u00e4ten beteiligt sind, die innerhalb des Lieferkette-Prozesses durchgef\u00fchrt werden, werden in Produkte umgewandelt und in der Endphase an den Kunden geliefert. Es gibt eine Bewegung von Lieferanten zu Herstellern, Distributoren, Gro\u00dfh\u00e4ndlern, Einzelh\u00e4ndlern und schlie\u00dflich zu Verbrauchern innerhalb der gesamten Beziehungen und Verbindungen, die die Lieferkette ausmachen. Jedes Glied dieser Kette folgt regelm\u00e4\u00dfig aufeinander. In Bezug auf Gesch\u00e4ftsprozesse k\u00f6nnen wir sagen, dass es bestimmte Stufen der Lieferkette gibt. Wertvolle Prozesse wie Produktion, Lagerverwaltung, Materialversorgung, Distribution, Verkauf, Beschaffung, Customer Relationship Management stellen das Funktionieren der Lieferkette sicher.<\/p>\n\n\n\n<p>Wir freuen uns, Ihnen, unseren gesch\u00e4tzten Verbrauchern, am Ende der Kette Qualit\u00e4tsprodukte zu liefern, indem wir unser professionelles Team dem Ring der Lieferkette zuordnen. Mit unserem starken Produktionsteam, modernen Verpackungsanlagen und einem breiten Logistiknetzwerk stehen wir Ihnen bei jedem Schritt zur Seite. Wir setzen unsere Aktivit\u00e4ten in diesem Sektor fort, in dem wir Jahre verbracht haben, ohne nachzulassen. Wir begleiten Sie bei jedem Schritt, Ihre Gesundheit ist bei uns sicher.<\/p>\n\n\n<style id=\"kb-advancedheading_a193ca-4e\">#kt-adv-heading_a193ca-4e, #kt-adv-heading_a193ca-4e .wp-block-kadence-advancedheading, .wp-block-kadence-advancedheading.kt-adv-heading_a193ca-4e[data-kb-block=\"kb-adv-heading_a193ca-4e\"], .kadence-advanced-heading-wrapper .kt-adv-heading_a193ca-4e[data-kb-block=\"kb-adv-heading_a193ca-4e\"]{padding-bottom:2%;}<\/style>\n<h2 class=\"kt-adv-heading_a193ca-4e wp-block-kadence-advancedheading\" data-kb-block=\"kb-adv-heading_a193ca-4e\">Gamze Tar\u0131m m\u00f6chte seine Aktivit\u00e4ten in allen Bereichen der Branche fortsetzen.<\/h2>\n\n\n\n<p>Wir haben die \u00c4rmel hochgekrempelt, um auch die unterst\u00fctzenden Produktionsschritte in die Hand zu nehmen. Wir investieren weiter in alle Bereiche, die uns und unser Netzwerk st\u00e4rken werden, wie z. B. Fabriken zur Herstellung von Kunststoffgeh\u00e4usen, Produktion von Gew\u00e4chshausmaterialien, Tankstellen. Wir wollen gemeinsam wachsen, indem wir alle unterst\u00fctzen, die von unserer Erfahrung im Lieferkette Management profitieren m\u00f6chten.<\/p>\n\n\n<style id=\"kb-advancedheading_f213d7-5d\">#kt-adv-heading_f213d7-5d, #kt-adv-heading_f213d7-5d .wp-block-kadence-advancedheading, .wp-block-kadence-advancedheading.kt-adv-heading_f213d7-5d[data-kb-block=\"kb-adv-heading_f213d7-5d\"], .kadence-advanced-heading-wrapper .kt-adv-heading_f213d7-5d[data-kb-block=\"kb-adv-heading_f213d7-5d\"]{padding-bottom:2%;}<\/style>\n<h2 class=\"kt-adv-heading_f213d7-5d wp-block-kadence-advancedheading\" data-kb-block=\"kb-adv-heading_f213d7-5d\">Unsere Produkte werden in sicheren H\u00e4nden angebaut.<\/h2>\n\n\n\n<p>Wir kennen die Hersteller aller von uns gelieferten Produkte genau. Wir besuchen jeden Produktionsbereich und stellen sicher, dass die Pflanzen mit den richtigen Methoden angebaut werden. Wir teilen vorteilhafte Situationen mit allen. Mit unserer F\u00fchrungsposition in der Branche leiten wir alle unsere Produzenten und stellen mit unseren erfahrenen H\u00e4nden Produkte w\u00e4hrend des Lieferkettenprozesses auf die Tische unserer wertvollen Verbraucher.<\/p>\n\n\n<style id=\"kb-advancedheading_7c7778-42\">#kt-adv-heading_7c7778-42, #kt-adv-heading_7c7778-42 .wp-block-kadence-advancedheading, .wp-block-kadence-advancedheading.kt-adv-heading_7c7778-42[data-kb-block=\"kb-adv-heading_7c7778-42\"], .kadence-advanced-heading-wrapper .kt-adv-heading_7c7778-42[data-kb-block=\"kb-adv-heading_7c7778-42\"]{padding-bottom:2%;}<\/style>\n<h2 class=\"kt-adv-heading_7c7778-42 wp-block-kadence-advancedheading\" data-kb-block=\"kb-adv-heading_7c7778-42\">Lebensmittelgesundheit ist bei uns sicher.<\/h2>\n\n\n\n<p>Zun\u00e4chst einmal ist die menschliche Gesundheit wichtig. Bei jeder Entscheidung, die wir treffen, ergreifen wir Ma\u00dfnahmen, indem wir der menschlichen Gesundheit Vorrang einr\u00e4umen. Wir k\u00f6nnen Ihre Gesundheit sch\u00fctzen, weil wir im Lieferkette Management mit erfahrenen H\u00e4nden arbeiten.<\/p>\n<\/div><\/div>\n<\/div><\/div><\/div>","protected":false},"excerpt":{"rendered":"<p>Tedarik Zinciri, par\u00e7alanmaz bir b\u00fct\u00fcnd\u00fcr! Tedarik zinciri, \u00fcr\u00fcn\u00fcn \u00fcreticiden, t\u00fcketiciye ula\u015fmas\u0131n\u0131 kapsayan s\u00fcre\u00e7tir. Bir \u00fcr\u00fcn\u00fcn \u00fcretim a\u015famas\u0131ndan, son t\u00fcketicinin eline ula\u015ft\u0131\u011f\u0131 t\u00fcm a\u015famalar\u0131 kapsar. Bug\u00fcn d\u00fcnya \u00fczerinde markala\u015fm\u0131\u015f b\u00fct\u00fcn g\u00fc\u00e7l\u00fc \u015firketlerin g\u00fc\u00e7l\u00fc bir tedarik zinciri vard\u0131r. Gamze Tar\u0131m da bu zincirdeki g\u00fcc\u00fc ve b\u00fct\u00fcnl\u00fc\u011f\u00fc korumay\u0131 kendine g\u00f6rev edinmi\u015ftir. Zincirin en ba\u015f\u0131 olan \u00fcretim a\u015famas\u0131ndan paketlemeye,&#8230;<\/p>","protected":false},"author":1,"featured_media":0,"parent":0,"menu_order":0,"comment_status":"closed","ping_status":"closed","template":"","meta":{"_kad_post_transparent":"","_kad_post_title":"","_kad_post_layout":"","_kad_post_sidebar_id":"","_kad_post_content_style":"","_kad_post_vertical_padding":"","_kad_post_feature":"","_kad_post_feature_position":"","_kad_post_header":false,"_kad_post_footer":false},"uagb_featured_image_src":{"full":false,"thumbnail":false,"medium":false,"medium_large":false,"large":false,"1536x1536":false,"2048x2048":false,"trp-custom-language-flag":false},"uagb_author_info":{"display_name":"gamzetarim","author_link":"https:\/\/gamzetarim.com\/de\/author\/gamzetarim\/"},"uagb_comment_info":0,"uagb_excerpt":"Tedarik Zinciri, par\u00e7alanmaz bir b\u00fct\u00fcnd\u00fcr! Tedarik zinciri, \u00fcr\u00fcn\u00fcn \u00fcreticiden, t\u00fcketiciye ula\u015fmas\u0131n\u0131 kapsayan s\u00fcre\u00e7tir. Bir \u00fcr\u00fcn\u00fcn \u00fcretim a\u015famas\u0131ndan, son t\u00fcketicinin eline ula\u015ft\u0131\u011f\u0131 t\u00fcm a\u015famalar\u0131 kapsar. Bug\u00fcn d\u00fcnya \u00fczerinde markala\u015fm\u0131\u015f b\u00fct\u00fcn g\u00fc\u00e7l\u00fc \u015firketlerin g\u00fc\u00e7l\u00fc bir tedarik zinciri vard\u0131r. Gamze Tar\u0131m da bu zincirdeki g\u00fcc\u00fc ve b\u00fct\u00fcnl\u00fc\u011f\u00fc korumay\u0131 kendine g\u00f6rev edinmi\u015ftir. Zincirin en ba\u015f\u0131 olan \u00fcretim a\u015famas\u0131ndan paketlemeye,...","_links":{"self":[{"href":"https:\/\/gamzetarim.com\/de\/wp-json\/wp\/v2\/pages\/1198"}],"collection":[{"href":"https:\/\/gamzetarim.com\/de\/wp-json\/wp\/v2\/pages"}],"about":[{"href":"https:\/\/gamzetarim.com\/de\/wp-json\/wp\/v2\/types\/page"}],"author":[{"embeddable":true,"href":"https:\/\/gamzetarim.com\/de\/wp-json\/wp\/v2\/users\/1"}],"replies":[{"embeddable":true,"href":"https:\/\/gamzetarim.com\/de\/wp-json\/wp\/v2\/comments?post=1198"}],"version-history":[{"count":3,"href":"https:\/\/gamzetarim.com\/de\/wp-json\/wp\/v2\/pages\/1198\/revisions"}],"predecessor-version":[{"id":1429,"href":"https:\/\/gamzetarim.com\/de\/wp-json\/wp\/v2\/pages\/1198\/revisions\/1429"}],"wp:attachment":[{"href":"https:\/\/gamzetarim.com\/de\/wp-json\/wp\/v2\/media?parent=1198"}],"curies":[{"name":"wp","href":"https:\/\/api.w.org\/{rel}","templated":true}]}}