{"id":1192,"date":"2022-07-21T14:59:55","date_gmt":"2022-07-21T11:59:55","guid":{"rendered":"https:\/\/gamzetarim.com\/?page_id=1192"},"modified":"2022-08-09T11:48:12","modified_gmt":"2022-08-09T08:48:12","slug":"yuksek-musteri-memnuniyeti","status":"publish","type":"page","link":"https:\/\/gamzetarim.com\/de\/yuksek-musteri-memnuniyeti\/","title":{"rendered":"Kundenzufriedenheit"},"content":{"rendered":"<style id=\"kb-rowlayout_23a552-d8\">#kt-layout-id_23a552-d8 > .kt-row-column-wrap{padding-top:0px;padding-bottom:0px;}<\/style>\n<div class=\"wp-block-kadence-rowlayout alignnone\"><div id=\"kt-layout-id_23a552-d8\" class=\"kt-row-layout-inner kt-layout-id_23a552-d8\"><div class=\"kt-row-column-wrap kt-has-1-columns kt-gutter-default kt-v-gutter-default kt-row-valign-top kt-row-layout-equal kt-tab-layout-inherit kt-m-colapse-left-to-right kt-mobile-layout-row\">\n<div class=\"wp-block-kadence-column inner-column-1 kadence-column_6d336b-79\"><div class=\"kt-inside-inner-col\">\n<div class=\"wp-block-cover alignwide is-position-center-center\" style=\"min-height:70vh\"><span aria-hidden=\"true\" class=\"wp-block-cover__background has-background-dim-70 has-background-dim\" style=\"background-color:#171717\"><\/span><img loading=\"lazy\" width=\"1920\" height=\"1080\" class=\"wp-block-cover__image-background wp-image-870\" alt=\"\" src=\"https:\/\/gamzetarim.com\/wp-content\/uploads\/2022\/07\/Second-Pic.webp\" data-object-fit=\"cover\" srcset=\"https:\/\/gamzetarim.com\/wp-content\/uploads\/2022\/07\/Second-Pic.webp 1920w, https:\/\/gamzetarim.com\/wp-content\/uploads\/2022\/07\/Second-Pic-300x169.webp 300w, https:\/\/gamzetarim.com\/wp-content\/uploads\/2022\/07\/Second-Pic-1024x576.webp 1024w, https:\/\/gamzetarim.com\/wp-content\/uploads\/2022\/07\/Second-Pic-768x432.webp 768w, https:\/\/gamzetarim.com\/wp-content\/uploads\/2022\/07\/Second-Pic-1536x864.webp 1536w\" sizes=\"(max-width: 1920px) 100vw, 1920px\" \/><div class=\"wp-block-cover__inner-container\"><style id=\"kb-advancedheading_aeaca3-b4\">#kt-adv-heading_aeaca3-b4, #kt-adv-heading_aeaca3-b4 .wp-block-kadence-advancedheading, .wp-block-kadence-advancedheading.kt-adv-heading_aeaca3-b4[data-kb-block=\"kb-adv-heading_aeaca3-b4\"], .kadence-advanced-heading-wrapper .kt-adv-heading_aeaca3-b4[data-kb-block=\"kb-adv-heading_aeaca3-b4\"]{text-align:center;font-size:64px;}@media all and (max-width: 767px){#kt-adv-heading_aeaca3-b4, #kt-adv-heading_aeaca3-b4 .wp-block-kadence-advancedheading, .wp-block-kadence-advancedheading.kt-adv-heading_aeaca3-b4[data-kb-block=\"kb-adv-heading_aeaca3-b4\"], .kadence-advanced-heading-wrapper .kt-adv-heading_aeaca3-b4[data-kb-block=\"kb-adv-heading_aeaca3-b4\"]{font-size:42px;}}<\/style>\n<h2 class=\"kt-adv-heading_aeaca3-b4 o-typing-slower wp-block-kadence-advancedheading\" data-kb-block=\"kb-adv-heading_aeaca3-b4\">Kundenzufriedenheit<\/h2>\n\n\n<style id=\"kb-advancedheading_fb78ac-6e\">#kt-adv-heading_fb78ac-6e, #kt-adv-heading_fb78ac-6e .wp-block-kadence-advancedheading, .wp-block-kadence-advancedheading.kt-adv-heading_fb78ac-6e[data-kb-block=\"kb-adv-heading_fb78ac-6e\"], .kadence-advanced-heading-wrapper .kt-adv-heading_fb78ac-6e[data-kb-block=\"kb-adv-heading_fb78ac-6e\"]{text-align:center;font-size:36px;}@media all and (max-width: 767px){#kt-adv-heading_fb78ac-6e, #kt-adv-heading_fb78ac-6e .wp-block-kadence-advancedheading, .wp-block-kadence-advancedheading.kt-adv-heading_fb78ac-6e[data-kb-block=\"kb-adv-heading_fb78ac-6e\"], .kadence-advanced-heading-wrapper .kt-adv-heading_fb78ac-6e[data-kb-block=\"kb-adv-heading_fb78ac-6e\"]{font-size:18px;}}<\/style>\n<p class=\"kt-adv-heading_fb78ac-6e wp-block-kadence-advancedheading has-theme-palette-9-color has-text-color\" data-kb-block=\"kb-adv-heading_fb78ac-6e\">Wir bringen Produzenten und Konsumenten zusammen<\/p>\n<\/div><\/div>\n<\/div><\/div>\n<\/div><\/div><\/div>\n\n\n<style id=\"kb-rowlayout_877e55-5b\">#kt-layout-id_877e55-5b > .kt-row-column-wrap{max-width:60vw;margin-left:auto;margin-right:auto;}@media all and (max-width: 1024px){#kt-layout-id_877e55-5b > .kt-row-column-wrap{max-width:80vw;margin-left:auto;margin-right:auto;}}@media all and (max-width: 767px){#kt-layout-id_877e55-5b > .kt-row-column-wrap{max-width:90vw;margin-left:auto;margin-right:auto;}}<\/style>\n<div class=\"wp-block-kadence-rowlayout alignnone\"><div id=\"kt-layout-id_877e55-5b\" class=\"kt-row-layout-inner kt-layout-id_877e55-5b\"><div class=\"kt-row-column-wrap kt-has-1-columns kt-gutter-default kt-v-gutter-default kt-row-valign-top kt-row-layout-equal kt-tab-layout-inherit kt-m-colapse-left-to-right kt-mobile-layout-row\">\n<div class=\"wp-block-kadence-column inner-column-1 kadence-column_4cdd17-c6\"><div class=\"kt-inside-inner-col\"><style id=\"kb-advancedheading_6b63f4-0c\">#kt-adv-heading_6b63f4-0c, #kt-adv-heading_6b63f4-0c .wp-block-kadence-advancedheading, .wp-block-kadence-advancedheading.kt-adv-heading_6b63f4-0c[data-kb-block=\"kb-adv-heading_6b63f4-0c\"], .kadence-advanced-heading-wrapper .kt-adv-heading_6b63f4-0c[data-kb-block=\"kb-adv-heading_6b63f4-0c\"]{padding-bottom:2%;}<\/style>\n<h2 class=\"kt-adv-heading_6b63f4-0c wp-block-kadence-advancedheading\" data-kb-block=\"kb-adv-heading_6b63f4-0c\">Wir verf\u00fcgen \u00fcber ein umfangreiches Netzwerk<\/h2>\n\n\n\n<p>Gamze Tar\u0131m verf\u00fcgt \u00fcber ein breites Netzwerk vom Erzeuger bis zum Verbraucher im Frischgem\u00fcse- und Obstsektor. Es hat Produkte an fast jeden Kundenstamm geliefert und ist bei seiner Qualit\u00e4t keine Kompromisse eingegangen.\n\nObwohl Gamze Tar\u0131m nicht \u00fcber das aktuelle Produktionsvolumen und die Modernit\u00e4t in der Frischgem\u00fcse- und Obstproduktion verf\u00fcgt; Zusammen mit sich selbst hat er die Branche mit einer innovativen Perspektive entwickelt.\n \nGamze Tar\u0131m hatte die Chance, der Gesch\u00e4ftspartner von 3 verschiedenen Generationen in diesem heiligen landwirtschaftlichen Beruf zu sein, der von Generation zu Generation weitergegeben und weiterentwickelt wurde. Von Onkel Mehmet bis x Holdings steht es jedem Hersteller zur Seite und st\u00e4rkt die Lieferkette weiter.<\/p>\n\n\n<style id=\"kb-advancedheading_b5f2d9-9a\">#kt-adv-heading_b5f2d9-9a, #kt-adv-heading_b5f2d9-9a .wp-block-kadence-advancedheading, .wp-block-kadence-advancedheading.kt-adv-heading_b5f2d9-9a[data-kb-block=\"kb-adv-heading_b5f2d9-9a\"], .kadence-advanced-heading-wrapper .kt-adv-heading_b5f2d9-9a[data-kb-block=\"kb-adv-heading_b5f2d9-9a\"]{padding-bottom:2%;}<\/style>\n<h2 class=\"kt-adv-heading_b5f2d9-9a wp-block-kadence-advancedheading\" data-kb-block=\"kb-adv-heading_b5f2d9-9a\">Mit unserem geschulten Team machen wir es uns zur Aufgabe, jeden zu schulen, den wir erreichen k\u00f6nnen<\/h2>\n\n\n\n<p>Unser Team begleitet sowohl den Erzeuger als auch den Verbraucher bei jedem Schritt, von der Produktion bis zum Verkauf, vom Erzeuger bis zum Verbraucher. Obwohl Gamze Tar\u0131m Antalya aufgrund der geografischen Bedingungen unserer Region keine modernen landwirtschaftlichen Techniken anwenden kann, arbeitet es daran, sicherzustellen, dass alle Produzenten in seinem Netzwerk die gleiche Vision wie die innovativsten Produzenten des Sektors haben.\n\nWir versuchen, aktuelle Informationen zu verwenden und sie in jedes Glied unserer Lieferkette zu integrieren. Als Gamze Tar\u0131m kompromittieren wir unsere F\u00fchrungsqualit\u00e4t auf diesem Weg nicht, indem wir unser Umfeld tagt\u00e4glich informieren und st\u00e4rken.<\/p>\n\n\n<style id=\"kb-advancedheading_8a3d60-62\">#kt-adv-heading_8a3d60-62, #kt-adv-heading_8a3d60-62 .wp-block-kadence-advancedheading, .wp-block-kadence-advancedheading.kt-adv-heading_8a3d60-62[data-kb-block=\"kb-adv-heading_8a3d60-62\"], .kadence-advanced-heading-wrapper .kt-adv-heading_8a3d60-62[data-kb-block=\"kb-adv-heading_8a3d60-62\"]{padding-bottom:2%;}<\/style>\n<h2 class=\"kt-adv-heading_8a3d60-62 wp-block-kadence-advancedheading\" data-kb-block=\"kb-adv-heading_8a3d60-62\">Wir haben die Kunden- und Herstellerzufriedenheit auf das h\u00f6chste Niveau gebracht.<\/h2>\n\n\n\n<p>Gamze Tar\u0131m liefert das richtige Produkt an den richtigen Verbraucher. Wir bieten eine l\u00f6sungsorientierte Herangehensweise an die Probleme des Herstellers. Gleichzeitig wissen wir genau, welche Art von Produkt der Verbraucher verlangt. So halten wir unser Business-Netzwerk aktuell und stark. Gerne ermutigen wir jede Person, die wir erreichen, zur Zusammenarbeit.<\/p>\n\n\n<style id=\"kb-advancedheading_eeed6b-cc\">#kt-adv-heading_eeed6b-cc, #kt-adv-heading_eeed6b-cc .wp-block-kadence-advancedheading, .wp-block-kadence-advancedheading.kt-adv-heading_eeed6b-cc[data-kb-block=\"kb-adv-heading_eeed6b-cc\"], .kadence-advanced-heading-wrapper .kt-adv-heading_eeed6b-cc[data-kb-block=\"kb-adv-heading_eeed6b-cc\"]{padding-bottom:2%;}<\/style>\n<h2 class=\"kt-adv-heading_eeed6b-cc wp-block-kadence-advancedheading\" data-kb-block=\"kb-adv-heading_eeed6b-cc\">Wir sind uns der Anforderungen bewusst und gestalten unsere Lieferkette entsprechend.<\/h2>\n\n\n\n<p>Auf dieser Reise sind wir mit den Verbrauchsanforderungen jedes Kunden vertraut. Gamze Tar\u0131m Antalya kennt sich im Detail mit der Geographie von Antalya aus, welcher Markt in der Region welches Qualit\u00e4tsprodukt verwendet und welcher Kunde welche Art von Produkt probieren m\u00f6chte.\n\nAls Gamze Tar\u0131m gestalten wir unsere Lieferkette entsprechend. Wir liefern unsere leckeren Produkte, auf die wir von der richtigen Saatgutauswahl bis hin zu den richtigen Lagerbedingungen achten, sicher auf Ihren Tisch. Wir wollen Ihren Tisch nicht verlassen, indem wir das Prinzip des gl\u00fccklichen Produzenten und des gl\u00fccklichen Verbrauchers \u00fcbernehmen.<\/p>\n\n\n<style id=\"kb-advancedheading_a9a8fe-a0\">#kt-adv-heading_a9a8fe-a0, #kt-adv-heading_a9a8fe-a0 .wp-block-kadence-advancedheading, .wp-block-kadence-advancedheading.kt-adv-heading_a9a8fe-a0[data-kb-block=\"kb-adv-heading_a9a8fe-a0\"], .kadence-advanced-heading-wrapper .kt-adv-heading_a9a8fe-a0[data-kb-block=\"kb-adv-heading_a9a8fe-a0\"]{padding-bottom:2%;}<\/style>\n<h2 class=\"kt-adv-heading_a9a8fe-a0 wp-block-kadence-advancedheading\" data-kb-block=\"kb-adv-heading_a9a8fe-a0\">Bei der Erf\u00fcllung unserer Pflicht ignorieren wir niemals die menschliche Gesundheit.<\/h2>\n\n\n\n<p>Das Wichtigste f\u00fcr Gamze Tar\u0131m ist immer die menschliche Gesundheit. Wir handeln nach dem Prinzip, keine Produkte zu verkaufen, die wir nicht essen oder nicht essen werden, und wir legen Wert auf die Gesundheit unserer gesch\u00e4tzten Verbraucher, genauso wie auf unsere eigene Gesundheit.\n\nUnsere Produkte, die wir liefern, nachdem wir sie den erforderlichen Tests unterzogen und eine Qualit\u00e4tskontrolle innerhalb von Gamze Tar\u0131m durchgef\u00fchrt haben, kommen gem\u00e4\u00df Ihrer Gesundheit und Ihrem Geschmack auf Ihren Tisch. Sie k\u00f6nnen dieses k\u00f6stliche Gem\u00fcse und Obst sicher mit Ihren \u00c4ltesten und Kindern teilen.\n\nGamze Tar\u0131m priorisiert immer die menschliche Gesundheit mehr als alles andere. Daher wird Gamze Tar\u0131m f\u00fcr Sie, unsere Kunden, immer die zuverl\u00e4ssigste Option sein.<\/p>\n<\/div><\/div>\n<\/div><\/div><\/div>","protected":false},"excerpt":{"rendered":"","protected":false},"author":1,"featured_media":0,"parent":0,"menu_order":0,"comment_status":"closed","ping_status":"closed","template":"","meta":{"_kad_post_transparent":"","_kad_post_title":"","_kad_post_layout":"","_kad_post_sidebar_id":"","_kad_post_content_style":"","_kad_post_vertical_padding":"","_kad_post_feature":"","_kad_post_feature_position":"","_kad_post_header":false,"_kad_post_footer":false},"uagb_featured_image_src":{"full":false,"thumbnail":false,"medium":false,"medium_large":false,"large":false,"1536x1536":false,"2048x2048":false,"trp-custom-language-flag":false},"uagb_author_info":{"display_name":"gamzetarim","author_link":"https:\/\/gamzetarim.com\/de\/author\/gamzetarim\/"},"uagb_comment_info":0,"uagb_excerpt":null,"_links":{"self":[{"href":"https:\/\/gamzetarim.com\/de\/wp-json\/wp\/v2\/pages\/1192"}],"collection":[{"href":"https:\/\/gamzetarim.com\/de\/wp-json\/wp\/v2\/pages"}],"about":[{"href":"https:\/\/gamzetarim.com\/de\/wp-json\/wp\/v2\/types\/page"}],"author":[{"embeddable":true,"href":"https:\/\/gamzetarim.com\/de\/wp-json\/wp\/v2\/users\/1"}],"replies":[{"embeddable":true,"href":"https:\/\/gamzetarim.com\/de\/wp-json\/wp\/v2\/comments?post=1192"}],"version-history":[{"count":6,"href":"https:\/\/gamzetarim.com\/de\/wp-json\/wp\/v2\/pages\/1192\/revisions"}],"predecessor-version":[{"id":1443,"href":"https:\/\/gamzetarim.com\/de\/wp-json\/wp\/v2\/pages\/1192\/revisions\/1443"}],"wp:attachment":[{"href":"https:\/\/gamzetarim.com\/de\/wp-json\/wp\/v2\/media?parent=1192"}],"curies":[{"name":"wp","href":"https:\/\/api.w.org\/{rel}","templated":true}]}}